{"id":35829,"date":"2025-09-23T15:11:33","date_gmt":"2025-09-23T08:11:33","guid":{"rendered":"https:\/\/new.asia-vn.edu.vn\/?page_id=35829"},"modified":"2025-12-27T21:22:27","modified_gmt":"2025-12-27T14:22:27","slug":"ly-do-chon-chung-toi","status":"publish","type":"page","link":"https:\/\/asia-vn.edu.vn\/en\/gioi-thieu-chung\/ly-do-chon-chung-toi\/","title":{"rendered":"L\u00fd do ch\u1ecdn ch\u00fang t\u00f4i"},"content":{"rendered":"\n  <div class=\"banner has-hover\" id=\"banner-1729543565\">\n          <div class=\"banner-inner fill\">\n        <div class=\"banner-bg fill\" >\n            <img decoding=\"async\" width=\"1920\" height=\"1280\" src=\"https:\/\/asia-vn.edu.vn\/wp-content\/uploads\/2025\/10\/asia-banner-6-1.webp\" class=\"bg attachment-original size-original\" alt=\"\" \/>                                    \n                    <\/div>\n\t\t\n        <div class=\"banner-layers container\">\n            <div class=\"fill banner-link\"><\/div>            \n   <div id=\"text-box-519224456\" class=\"text-box banner-layer x0 md-x0 lg-x0 y90 md-y50 lg-y50 res-text\">\n                                <div class=\"text-box-content text dark\">\n              \n              <div class=\"text-inner text-left\">\n                  \n<div class=\"row row-collapse\"  id=\"row-1548291429\">\n\n\t<div id=\"col-847913199\" class=\"col small-12 large-12\"  >\n\t\t\t\t<div class=\"col-inner text-left\"  >\n\t\t\t\n\t\t\t\n\n\t\t\t\t\t<div class=\"bw-container no-overflow relative banner-container\" id=\"section_1736513869\">\n\t\t\t\t\t\t<div class=\"section-bg fill\" >\n\t\t\t\t\t\t\t\t\t\t\t\t\t\t\t\t\t\t\t\t\t\n\t\t\t\t\t\t\t\n\n\t\t\t\t\t\t<\/div>\n\n\t\t\t\t\t\t\n\n\t\t\t\t\t\t<div class=\"section-content relative\">\n\t\t\t\t\t\t\t\n\t\t\t\t\t<div id=\"bw-page-title-568005354\">\n\t\t\t\t\t    \n<style>\n#bw-page-title-568005354 > .bw-page-title {\n  font-size: 1.3rem;\n}\n@media (min-width:550px) {\n  #bw-page-title-568005354 > .bw-page-title {\n    font-size: 2.2rem;\n  }\n}\n@media (min-width:1025px) {\n  #bw-page-title-568005354 > .bw-page-title {\n    font-size: 3rem;\n  }\n}\n<\/style>\n    \t\t\t\t\t<h1 class=\"bw-page-title\">\n    \t\t\t\t\t    L\u00fd do ch\u1ecdn ch\u00fang t\u00f4i    \t\t\t\t\t<\/h1>\n\t\t\t\t\t<\/div>\n\t\t\t\t\t\n\t\t\t\t\t\t<\/div>\n\n\t\t\t\t\t\t\n<style>\n#section_1736513869 {\n  padding: 5px 30px 5px 30px;\n  background-color: #0b7c3e;\n}\n@media (min-width:550px) {\n  #section_1736513869 {\n    padding: 10px 60px 10px 60px;\n  }\n}\n<\/style>\n\t\t\t\t\t<\/div>\n\t\t\t\t\t\n\t\t<\/div>\n\t\t\t\t\n<style>\n#col-847913199 > .col-inner {\n  padding: 0px 30px 0px 20px;\n}\n@media (min-width:550px) {\n  #col-847913199 > .col-inner {\n    padding: 0px 20px 0px 20px;\n  }\n}\n@media (min-width:1025px) {\n  #col-847913199 > .col-inner {\n    padding: 0px 0px 0px 0px;\n  }\n}\n<\/style>\n\t<\/div>\n\n\t\n<\/div>\n              <\/div>\n           <\/div>\n                            \n<style>\n#text-box-519224456 {\n  width: 100%;\n}\n#text-box-519224456 .text-box-content {\n  font-size: 100%;\n}\n<\/style>\n    <\/div>\n \n        <\/div>\n      <\/div>\n\n            \n<style>\n#banner-1729543565 {\n  padding-top: 60vw;\n  background-color: rgba(255, 255, 255, 0);\n}\n#banner-1729543565 .banner-bg img {\n  object-position: 98% 25%;\n}\n@media (min-width:550px) {\n  #banner-1729543565 {\n    padding-top: 40vw;\n  }\n}\n@media (min-width:1025px) {\n  #banner-1729543565 {\n    padding-top: 35vw;\n  }\n}\n<\/style>\n  <\/div>\n\n\n\n\t<section class=\"section\" id=\"section_1010490598\">\n\t\t<div class=\"section-bg fill\" >\n\t\t\t\t\t\t\t\t\t\n\t\t\t\n\n\t\t<\/div>\n\n\t\t\n\n\t\t<div class=\"section-content relative\">\n\t\t\t\n<div class=\"row row-collapse row-full-width align-equal\"  id=\"row-951619620\">\n\n\t<div id=\"col-318771933\" class=\"col medium-2 small-12 large-2\"  >\n\t\t\t\t<div class=\"col-inner\" style=\"background-color:#00a34b;\" >\n\t\t\t\n\t\t\t\n\t\t\t\t    <div>\n\t\t\t\t\t    \n<style>\n#bw-divider-1884297249 {\n  max-width: 80%;\n  height: 20px;\n  margin-top: 0px;\n  margin-bottom: 0px;\n  background-color: rgb(239, 175, 30);\n}\n@media (min-width:550px) {\n  #bw-divider-1884297249 {\n    max-width: 100%;\n    height: 80px;\n  }\n}\n<\/style>\n\t\t\t\t\t    <div id=\"bw-divider-1884297249\" class=\"is-divider divider clearfix bw-divider divider-1\"><\/div>\n\t\t\t\t\t    \t\t\t\t\t<\/div>\n\t\t\t\t\t    \n\t\t<\/div>\n\t\t\t\t\t<\/div>\n\n\t\n\n\t<div id=\"col-766118994\" class=\"col medium-10 small-12 large-10\"  >\n\t\t\t\t<div class=\"col-inner\" style=\"background-color:#00a34b;\" >\n\t\t\t\n\t\t\t\n\t<div id=\"text-3788048455\" class=\"text bold-text no-mb-heading\">\n\t\t\n<p><strong>ASIA UNIVERSITY VIETNAM<\/strong><br \/>\n\t\t\n<style>\n#text-3788048455 {\n  font-size: 1.1rem;\n  color: rgb(255,255,255);\n}\n#text-3788048455 > * {\n  color: rgb(255,255,255);\n}\n@media (min-width:550px) {\n  #text-3788048455 {\n    font-size: 1.6rem;\n  }\n}\n@media (min-width:1025px) {\n  #text-3788048455 {\n    font-size: 1.8rem;\n  }\n}\n<\/style>\n\t<\/div>\n\t\n\t\t<\/div>\n\t\t\t\t\n<style>\n#col-766118994 > .col-inner {\n  padding: 10px 15px 10px 15px;\n}\n@media (min-width:550px) {\n  #col-766118994 > .col-inner {\n    padding: 20px 0px 0px 150px;\n  }\n}\n@media (min-width:1025px) {\n  #col-766118994 > .col-inner {\n    padding: 15px 0px 0px 150px;\n  }\n}\n<\/style>\n\t<\/div>\n\n\t\n<\/div>\n<div class=\"row row-collapse\"  id=\"row-1867919663\">\n\n\t<div id=\"col-854572074\" class=\"col small-12 large-12\"  >\n\t\t\t\t<div class=\"col-inner\"  >\n\t\t\t\n\t\t\t\n\t<div id=\"text-1248514038\" class=\"text no-mb-heading bold-text\">\n\t\t\n<h2><strong>Top 05 l\u00fd do l\u1ef1a ch\u1ecdn Asia University Vietnam<\/strong><\/h2>\n\t\t\n<style>\n#text-1248514038 {\n  color: #0b7c3e;\n}\n#text-1248514038 > * {\n  color: #0b7c3e;\n}\n<\/style>\n\t<\/div>\n\t\n\t\t\t\t    <div>\n\t\t\t\t\t    \n<style>\n#bw-divider-1615743409 {\n  max-width: 90px;\n  height: 8px;\n  margin-top: 1.5em;\n  margin-bottom: 1.5em;\n  background-color: rgb(0, 157, 74);\n}\n<\/style>\n\t\t\t\t\t    <div id=\"bw-divider-1615743409\" class=\"is-divider divider clearfix bw-divider default-divider\"><\/div>\n\t\t\t\t\t    \t\t\t\t\t<\/div>\n\t\t\t\t\t    \n\t\t<\/div>\n\t\t\t\t\n<style>\n#col-854572074 > .col-inner {\n  padding: 30px 15px 0px 15px;\n}\n@media (min-width:1025px) {\n  #col-854572074 > .col-inner {\n    padding: 30px 0px 0px 0px;\n  }\n}\n<\/style>\n\t<\/div>\n\n\t\n<\/div>\n<div class=\"row row-collapse row-full-width align-equal align-right\"  id=\"row-256185933\">\n\n\t<div id=\"col-2120187425\" class=\"col medium-2 small-12 large-2\"  >\n\t\t\t\t<div class=\"col-inner text-right\"  >\n\t\t\t\n\t\t\t\n\t\t\t\t    <div>\n\t\t\t\t\t    \n<style>\n#bw-divider-1549450267 {\n  max-width: 80%;\n  height: 20px;\n  margin-top: 0px;\n  margin-bottom: 0px;\n  background-color: rgb(26, 70, 141);\n}\n@media (min-width:550px) {\n  #bw-divider-1549450267 {\n    max-width: 80%;\n    height: 80px;\n  }\n}\n@media (min-width:1025px) {\n  #bw-divider-1549450267 {\n    max-width: 100%;\n  }\n}\n<\/style>\n\t\t\t\t\t    <div id=\"bw-divider-1549450267\" class=\"is-divider divider clearfix bw-divider divider-2\"><\/div>\n\t\t\t\t\t    \t\t\t\t\t<\/div>\n\t\t\t\t\t    \n\t\t<\/div>\n\t\t\t\t\n<style>\n#col-2120187425 > .col-inner {\n  margin: 0px 0px 0px 0px;\n}\n@media (min-width:550px) {\n  #col-2120187425 > .col-inner {\n    margin: -100px 0px 0px 0px;\n  }\n}\n<\/style>\n\t<\/div>\n\n\t\n<\/div>\n\t<div id=\"gap-835680167\" class=\"gap-element clearfix\" style=\"display:block; height:auto;\">\n\t\t\n<style>\n#gap-835680167 {\n  padding-top: 20px;\n}\n@media (min-width:550px) {\n  #gap-835680167 {\n    padding-top: 30px;\n  }\n}\n<\/style>\n\t<\/div>\n\t\n<div class=\"row row-small align-equal\"  id=\"row-1808009976\">\n\n\t<div id=\"col-719813553\" class=\"col ly-do-col medium-6 small-12 large-6\"  >\n\t\t\t\t<div class=\"col-inner\" style=\"background-color:rgba(136, 118, 255, 0.4);\" >\n\t\t\t\n\t\t\t\n\t\t\t\t\t\t\t\t\t\t\t\t\t\t\t<div id=\"bw-icon-1207310307\" class=\"icon-box featured-box bw-icon-box icon-box-left\"  style=\"align-items:center;\">\n\t\t\t\t\t\t\n<style>\n#bw-icon-1207310307 {\n  margin: 0px 0px 10px 0px;\n}\n#bw-icon-1207310307 > .icon-box-img {\n  margin: 0px 10px 0px 0px;\n}\n#bw-icon-1207310307 > .icon-box-img > .icon {\n  width: 55px;\n}\n<\/style>\n\t\t\t\t\t\t\t<div class=\"icon-box-img\">\n\t\t\t\t\t\t\t\t<div class=\"icon\" >\n\t\t\t\t\t\t\t\t\t<div class=\"icon-inner\" >\n\t\t\t\t\t\t\t\t\t\t<img decoding=\"async\" width=\"1\" height=\"1\" src=\"https:\/\/asia-vn.edu.vn\/wp-content\/uploads\/2025\/09\/asia-icon-3-1.svg\" class=\"attachment-medium size-medium\" alt=\"\" \/>\t\t\t\t\t\t\t\t\t<\/div>\n\t\t\t\t\t\t\t\t<\/div>\n\t\t\t\t\t\t\t<\/div>\n\t\t\t\t\t\t\t\t\t\t\t\t<div class=\"icon-box-text last-reset\">\n\t\t\t\t\t\t\t\t\t\t\t\t\t\t\t\t\t\t\t\t\t\n\t<div id=\"text-1530707507\" class=\"text text-balance no-mb-heading\">\n\t\t\n<h3><strong>B\u1eb1ng c\u1ea5p qu\u1ed1c t\u1ebf c\u00f3 gi\u00e1 tr\u1ecb to\u00e0n c\u1ea7u<\/strong><\/h3>\n\t\t\n<style>\n#text-1530707507 {\n  font-size: 0.85rem;\n}\n@media (min-width:550px) {\n  #text-1530707507 {\n    font-size: 0.9rem;\n  }\n}\n<\/style>\n\t<\/div>\n\t\n\t\t\t\t\t\t<\/div>\n\t\t\t\t\t\t\t\t\t\t\t<\/div>\n\t\t\t\t\t\t\t\t\t\t\n<p style=\"text-align: justify;\">Nh\u1eadn b\u1eb1ng c\u1eed nh\u00e2n qu\u1ed1c t\u1ebf tr\u1ef1c ti\u1ebfp t\u1eeb Asia University, \u0110\u00e0i Loan (Trung Qu\u1ed1c) \u0111\u01b0\u1ee3c B\u1ed9 Gi\u00e1o d\u1ee5c v\u00e0 \u0110\u00e0o t\u1ea1o c\u00f4ng nh\u1eadn v\u00e0 c\u00f3 gi\u00e1 tr\u1ecb to\u00e0n c\u1ea7u.<\/p>\n\t\t<\/div>\n\t\t\t\t\n<style>\n#col-719813553 > .col-inner {\n  padding: 20px 20px 10px 20px;\n  border-radius: 10px;\n}\n<\/style>\n\t<\/div>\n\n\t\n\n\t<div id=\"col-13315528\" class=\"col ly-do-col medium-6 small-12 large-6\"  >\n\t\t\t\t<div class=\"col-inner\" style=\"background-color:rgba(255, 127, 0, 0.2);\" >\n\t\t\t\n\t\t\t\n\t\t\t\t\t\t\t\t\t\t\t\t\t\t\t<div id=\"bw-icon-1526546901\" class=\"icon-box featured-box bw-icon-box icon-box-left\"  style=\"align-items:center;\">\n\t\t\t\t\t\t\n<style>\n#bw-icon-1526546901 {\n  margin: 0px 0px 10px 0px;\n}\n#bw-icon-1526546901 > .icon-box-img {\n  margin: 0px 10px 0px 0px;\n}\n#bw-icon-1526546901 > .icon-box-img > .icon {\n  width: 55px;\n}\n<\/style>\n\t\t\t\t\t\t\t<div class=\"icon-box-img\">\n\t\t\t\t\t\t\t\t<div class=\"icon\" >\n\t\t\t\t\t\t\t\t\t<div class=\"icon-inner\" >\n\t\t\t\t\t\t\t\t\t\t<img decoding=\"async\" width=\"1\" height=\"1\" src=\"https:\/\/asia-vn.edu.vn\/wp-content\/uploads\/2025\/09\/asia-icon-1.svg\" class=\"attachment-medium size-medium\" alt=\"\" \/>\t\t\t\t\t\t\t\t\t<\/div>\n\t\t\t\t\t\t\t\t<\/div>\n\t\t\t\t\t\t\t<\/div>\n\t\t\t\t\t\t\t\t\t\t\t\t<div class=\"icon-box-text last-reset\">\n\t\t\t\t\t\t\t\t\t\t\t\t\t\t\t\t\t\t\t\t\t\n\t<div id=\"text-4123135497\" class=\"text text-balance no-mb-heading\">\n\t\t\n<h3><strong>L\u1ed9 tr\u00ecnh h\u1ecdc t\u1eadp linh ho\u1ea1t<\/strong><\/h3>\n\t\t\n<style>\n#text-4123135497 {\n  font-size: 0.85rem;\n}\n@media (min-width:550px) {\n  #text-4123135497 {\n    font-size: 0.9rem;\n  }\n}\n<\/style>\n\t<\/div>\n\t\n\t\t\t\t\t\t<\/div>\n\t\t\t\t\t\t\t\t\t\t\t<\/div>\n\t\t\t\t\t\t\t\t\t\t\n<p style=\"text-align: justify;\">L\u1ed9 tr\u00ecnh 2 n\u0103m h\u1ecdc t\u1ea1i Vi\u1ec7t Nam v\u00e0 2 n\u0103m chuy\u1ec3n ti\u1ebfp t\u1ea1i \u0110\u00e0i Loan (h\u1ecdc ph\u00ed t\u01b0\u01a1ng \u0111\u01b0\u01a1ng trong n\u01b0\u1edbc), gi\u00fap sinh vi\u00ean ti\u1ebft ki\u1ec7m chi ph\u00ed, tr\u1ea3i nghi\u1ec7m m\u00f4i tr\u01b0\u1eddng qu\u1ed1c t\u1ebf v\u00e0 ti\u1ebfp c\u1eadn ng\u00e0nh b\u00e1n d\u1eabn, kinh doanh h\u00e0ng \u0111\u1ea7u th\u1ebf gi\u1edbi.<\/p>\n\t\t<\/div>\n\t\t\t\t\n<style>\n#col-13315528 > .col-inner {\n  padding: 20px 20px 10px 20px;\n  border-radius: 10px;\n}\n<\/style>\n\t<\/div>\n\n\t\n\n\t<div id=\"col-70261562\" class=\"col ly-do-col medium-6 small-12 large-6\"  >\n\t\t\t\t<div class=\"col-inner\" style=\"background-color:rgba(0, 163, 75, 0.4);\" >\n\t\t\t\n\t\t\t\n\t\t\t\t\t\t\t\t\t\t\t\t\t\t\t<div id=\"bw-icon-819746668\" class=\"icon-box featured-box bw-icon-box icon-box-left\"  style=\"align-items:center;\">\n\t\t\t\t\t\t\n<style>\n#bw-icon-819746668 {\n  margin: 0px 0px 10px 0px;\n}\n#bw-icon-819746668 > .icon-box-img {\n  margin: 0px 10px 0px 0px;\n}\n#bw-icon-819746668 > .icon-box-img > .icon {\n  width: 55px;\n}\n<\/style>\n\t\t\t\t\t\t\t<div class=\"icon-box-img\">\n\t\t\t\t\t\t\t\t<div class=\"icon\" >\n\t\t\t\t\t\t\t\t\t<div class=\"icon-inner\" >\n\t\t\t\t\t\t\t\t\t\t<img decoding=\"async\" width=\"1\" height=\"1\" src=\"https:\/\/asia-vn.edu.vn\/wp-content\/uploads\/2025\/09\/asia-icon-2.svg\" class=\"attachment-medium size-medium\" alt=\"\" \/>\t\t\t\t\t\t\t\t\t<\/div>\n\t\t\t\t\t\t\t\t<\/div>\n\t\t\t\t\t\t\t<\/div>\n\t\t\t\t\t\t\t\t\t\t\t\t<div class=\"icon-box-text last-reset\">\n\t\t\t\t\t\t\t\t\t\t\t\t\t\t\t\t\t\t\t\t\t\n\t<div id=\"text-2914359255\" class=\"text text-balance no-mb-heading\">\n\t\t\n<h3><strong>H\u1ecdc ph\u00ed h\u1ee3p l\u00fd &#8211; tr\u1ea3i nghi\u1ec7m v\u01b0\u1ee3t tr\u1ed9i<\/strong><\/h3>\n\t\t\n<style>\n#text-2914359255 {\n  font-size: 0.85rem;\n}\n@media (min-width:550px) {\n  #text-2914359255 {\n    font-size: 0.9rem;\n  }\n}\n<\/style>\n\t<\/div>\n\t\n\t\t\t\t\t\t<\/div>\n\t\t\t\t\t\t\t\t\t\t\t<\/div>\n\t\t\t\t\t\t\t\t\t\t\n<p style=\"text-align: justify;\">Ti\u1ebfp c\u1eadn n\u1ec1n gi\u00e1o d\u1ee5c ch\u1ea5t l\u01b0\u1ee3ng v\u1edbi m\u1ee9c h\u1ecdc ph\u00ed ph\u00f9 h\u1ee3p, tr\u1ea3i nghi\u1ec7m h\u1ecdc t\u1eadp trong m\u00f4i tr\u01b0\u1eddng chu\u1ea9n qu\u1ed1c t\u1ebf, k\u1ebft h\u1ee3p th\u1ef1c h\u00e0nh, th\u1ef1c t\u1eadp v\u00e0 ph\u00e1t tri\u1ec3n k\u1ef9 n\u0103ng to\u00e0n di\u1ec7n ngay t\u1eeb n\u0103m nh\u1ea5t.<\/p>\n\t\t<\/div>\n\t\t\t\t\n<style>\n#col-70261562 > .col-inner {\n  padding: 20px 20px 10px 20px;\n  border-radius: 10px;\n}\n<\/style>\n\t<\/div>\n\n\t\n\n\t<div id=\"col-1033538353\" class=\"col ly-do-col medium-6 small-12 large-6\"  >\n\t\t\t\t<div class=\"col-inner\" style=\"background-color:rgba(255, 211, 66, 0.424);\" >\n\t\t\t\n\t\t\t\n\t\t\t\t\t\t\t\t\t\t\t\t\t\t\t<div id=\"bw-icon-1523061698\" class=\"icon-box featured-box bw-icon-box icon-box-left\"  style=\"align-items:center;\">\n\t\t\t\t\t\t\n<style>\n#bw-icon-1523061698 {\n  margin: 0px 0px 10px 0px;\n}\n#bw-icon-1523061698 > .icon-box-img {\n  margin: 0px 10px 0px 0px;\n}\n#bw-icon-1523061698 > .icon-box-img > .icon {\n  width: 55px;\n}\n<\/style>\n\t\t\t\t\t\t\t<div class=\"icon-box-img\">\n\t\t\t\t\t\t\t\t<div class=\"icon\" >\n\t\t\t\t\t\t\t\t\t<div class=\"icon-inner\" >\n\t\t\t\t\t\t\t\t\t\t<img decoding=\"async\" width=\"1\" height=\"1\" src=\"https:\/\/asia-vn.edu.vn\/wp-content\/uploads\/2025\/09\/asia-icon-3.svg\" class=\"attachment-medium size-medium\" alt=\"\" \/>\t\t\t\t\t\t\t\t\t<\/div>\n\t\t\t\t\t\t\t\t<\/div>\n\t\t\t\t\t\t\t<\/div>\n\t\t\t\t\t\t\t\t\t\t\t\t<div class=\"icon-box-text last-reset\">\n\t\t\t\t\t\t\t\t\t\t\t\t\t\t\t\t\t\t\t\t\t\n\t<div id=\"text-1774243685\" class=\"text text-balance no-mb-heading\">\n\t\t\n<h3><strong>Ch\u00ednh s\u00e1ch h\u1ecdc b\u1ed5ng h\u1ea5p d\u1eabn<\/strong><\/h3>\n\t\t\n<style>\n#text-1774243685 {\n  font-size: 0.85rem;\n}\n@media (min-width:550px) {\n  #text-1774243685 {\n    font-size: 0.9rem;\n  }\n}\n<\/style>\n\t<\/div>\n\t\n\t\t\t\t\t\t<\/div>\n\t\t\t\t\t\t\t\t\t\t\t<\/div>\n\t\t\t\t\t\t\t\t\t\t\n<p style=\"text-align: justify;\">Nhi\u1ec1u ch\u01b0\u01a1ng tr\u00ecnh h\u1ecdc b\u1ed5ng \u0111\u01b0\u1ee3c tri\u1ec3n khai nh\u1eb1m gi\u00fap sinh vi\u00ean d\u1ec5 d\u00e0ng ti\u1ebfp c\u1eadn v\u1edbi c\u01a1 h\u1ed9i h\u1ecdc t\u1eadp ch\u1ea5t l\u01b0\u1ee3ng, gi\u1ea3m b\u1edbt g\u00e1nh n\u1eb7ng t\u00e0i ch\u00ednh v\u00e0 t\u1ea1o \u0111i\u1ec1u ki\u1ec7n ph\u00e1t tri\u1ec3n to\u00e0n di\u1ec7n.<\/p>\n\t\t<\/div>\n\t\t\t\t\n<style>\n#col-1033538353 > .col-inner {\n  padding: 20px 20px 10px 20px;\n  border-radius: 10px;\n}\n<\/style>\n\t<\/div>\n\n\t\n\n\t<div id=\"col-1140053837\" class=\"col ly-do-col medium-6 small-12 large-6\"  >\n\t\t\t\t<div class=\"col-inner\" style=\"background-color:rgba(0, 119, 255, 0.4);\" >\n\t\t\t\n\t\t\t\n\t\t\t\t\t\t\t\t\t\t\t\t\t\t\t<div id=\"bw-icon-1719568325\" class=\"icon-box featured-box bw-icon-box icon-box-left\"  style=\"align-items:center;\">\n\t\t\t\t\t\t\n<style>\n#bw-icon-1719568325 {\n  margin: 0px 0px 10px 0px;\n}\n#bw-icon-1719568325 > .icon-box-img > .icon {\n  width: 55px;\n}\n<\/style>\n\t\t\t\t\t\t\t<div class=\"icon-box-img\">\n\t\t\t\t\t\t\t\t<div class=\"icon\" >\n\t\t\t\t\t\t\t\t\t<div class=\"icon-inner\" >\n\t\t\t\t\t\t\t\t\t\t<img decoding=\"async\" width=\"1\" height=\"1\" src=\"https:\/\/asia-vn.edu.vn\/wp-content\/uploads\/2025\/09\/asia-icon-3-3.svg\" class=\"attachment-medium size-medium\" alt=\"\" \/>\t\t\t\t\t\t\t\t\t<\/div>\n\t\t\t\t\t\t\t\t<\/div>\n\t\t\t\t\t\t\t<\/div>\n\t\t\t\t\t\t\t\t\t\t\t\t<div class=\"icon-box-text last-reset\">\n\t\t\t\t\t\t\t\t\t\t\t\t\t\t\t\t\t\t\t\t\t\n\t<div id=\"text-1030773971\" class=\"text text-balance no-mb-heading\">\n\t\t\n<h3><strong>C\u01a1 h\u1ed9i th\u1ef1c t\u1eadp, vi\u1ec7c l\u00e0m to\u00e0n c\u1ea7u v\u1edbi thu nh\u1eadp h\u1ea5p d\u1eabn<\/strong><\/h3>\n\t\t\n<style>\n#text-1030773971 {\n  font-size: 0.85rem;\n}\n@media (min-width:550px) {\n  #text-1030773971 {\n    font-size: 0.9rem;\n  }\n}\n<\/style>\n\t<\/div>\n\t\n\t\t\t\t\t\t<\/div>\n\t\t\t\t\t\t\t\t\t\t\t<\/div>\n\t\t\t\t\t\t\t\t\t\t\n<p style=\"text-align: justify;\">Sinh vi\u00ean \u0111\u01b0\u1ee3c h\u1ed7 tr\u1ee3 b\u1edfi c\u00e1c doanh nghi\u1ec7p v\u00e0 vi\u1ec7n nghi\u00ean c\u1ee9u h\u00e0ng \u0111\u1ea7u nh\u01b0: FPT Semiconductor, TSMC, MediaTek, ITRI\u2026 v\u1edbi c\u01a1 h\u1ed9i vi\u1ec7c l\u00e0m sau t\u1ed1t nghi\u1ec7p t\u1ea1i \u0110\u00e0i Loan, Vi\u1ec7t Nam, Nh\u1eadt B\u1ea3n, H\u00e0n Qu\u1ed1c, M\u1ef9\u2026<\/p>\n\t\t<\/div>\n\t\t\t\t\n<style>\n#col-1140053837 > .col-inner {\n  padding: 20px 20px 10px 20px;\n  border-radius: 10px;\n}\n<\/style>\n\t<\/div>\n\n\t\n<\/div>\n\t<div id=\"gap-108028148\" class=\"gap-element clearfix\" style=\"display:block; height:auto;\">\n\t\t\n<style>\n#gap-108028148 {\n  padding-top: 20px;\n}\n@media (min-width:550px) {\n  #gap-108028148 {\n    padding-top: 30px;\n  }\n}\n<\/style>\n\t<\/div>\n\t\n\t\t<\/div>\n\n\t\t\n<style>\n#section_1010490598 {\n  padding-top: 0px;\n  padding-bottom: 0px;\n  background-color: rgb(247, 247, 247);\n}\n<\/style>\n\t<\/section>\n\t\n","protected":false},"excerpt":{"rendered":"","protected":false},"author":2,"featured_media":0,"parent":35828,"menu_order":0,"comment_status":"closed","ping_status":"closed","template":"page-blank.php","meta":{"footnotes":""},"class_list":["post-35829","page","type-page","status-publish","hentry"],"_links":{"self":[{"href":"https:\/\/asia-vn.edu.vn\/en\/wp-json\/wp\/v2\/pages\/35829","targetHints":{"allow":["GET"]}}],"collection":[{"href":"https:\/\/asia-vn.edu.vn\/en\/wp-json\/wp\/v2\/pages"}],"about":[{"href":"https:\/\/asia-vn.edu.vn\/en\/wp-json\/wp\/v2\/types\/page"}],"author":[{"embeddable":true,"href":"https:\/\/asia-vn.edu.vn\/en\/wp-json\/wp\/v2\/users\/2"}],"replies":[{"embeddable":true,"href":"https:\/\/asia-vn.edu.vn\/en\/wp-json\/wp\/v2\/comments?post=35829"}],"version-history":[{"count":0,"href":"https:\/\/asia-vn.edu.vn\/en\/wp-json\/wp\/v2\/pages\/35829\/revisions"}],"up":[{"embeddable":true,"href":"https:\/\/asia-vn.edu.vn\/en\/wp-json\/wp\/v2\/pages\/35828"}],"wp:attachment":[{"href":"https:\/\/asia-vn.edu.vn\/en\/wp-json\/wp\/v2\/media?parent=35829"}],"curies":[{"name":"wp","href":"https:\/\/api.w.org\/{rel}","templated":true}]}}