{"id":35834,"date":"2025-09-23T15:13:52","date_gmt":"2025-09-23T08:13:52","guid":{"rendered":"https:\/\/new.asia-vn.edu.vn\/?page_id=35834"},"modified":"2025-12-27T21:47:04","modified_gmt":"2025-12-27T14:47:04","slug":"mau-van-bang","status":"publish","type":"page","link":"https:\/\/asia-vn.edu.vn\/en\/gioi-thieu-chung\/mau-van-bang\/","title":{"rendered":"M\u1eabu v\u0103n b\u1eb1ng"},"content":{"rendered":"\n  <div class=\"banner has-hover\" id=\"banner-948750265\">\n          <div class=\"banner-inner fill\">\n        <div class=\"banner-bg fill\" >\n            <img decoding=\"async\" width=\"1616\" height=\"1080\" src=\"https:\/\/asia-vn.edu.vn\/wp-content\/uploads\/2025\/10\/asia-banner-7-1.webp\" class=\"bg attachment-original size-original\" alt=\"\" \/>                                    \n                    <\/div>\n\t\t\n        <div class=\"banner-layers container\">\n            <div class=\"fill banner-link\"><\/div>            \n   <div id=\"text-box-138321710\" class=\"text-box banner-layer x0 md-x0 lg-x0 y90 md-y50 lg-y50 res-text\">\n                                <div class=\"text-box-content text dark\">\n              \n              <div class=\"text-inner text-left\">\n                  \n<div class=\"row row-collapse\"  id=\"row-301603900\">\n\n\t<div id=\"col-1122019672\" class=\"col small-12 large-12\"  >\n\t\t\t\t<div class=\"col-inner\"  >\n\t\t\t\n\t\t\t\n\n\t\t\t\t\t<div class=\"bw-container no-overflow relative banner-container\" id=\"section_1598613069\">\n\t\t\t\t\t\t<div class=\"section-bg fill\" >\n\t\t\t\t\t\t\t\t\t\t\t\t\t\t\t\t\t\t\t\t\t\n\t\t\t\t\t\t\t\n\n\t\t\t\t\t\t<\/div>\n\n\t\t\t\t\t\t\n\n\t\t\t\t\t\t<div class=\"section-content relative\">\n\t\t\t\t\t\t\t\n\t\t\t\t\t<div id=\"bw-page-title-1191330962\">\n\t\t\t\t\t    \n<style>\n#bw-page-title-1191330962 > .bw-page-title {\n  font-size: 1.3rem;\n}\n@media (min-width:550px) {\n  #bw-page-title-1191330962 > .bw-page-title {\n    font-size: 2.2rem;\n  }\n}\n@media (min-width:1025px) {\n  #bw-page-title-1191330962 > .bw-page-title {\n    font-size: 3rem;\n  }\n}\n<\/style>\n    \t\t\t\t\t<h1 itemprop=\"headline\" class=\"bw-page-title\">\n    \t\t\t\t\t    M\u1eabu v\u0103n b\u1eb1ng    \t\t\t\t\t<\/h1>\n\t\t\t\t\t<\/div>\n\t\t\t\t\t\n\t\t\t\t\t\t<\/div>\n\n\t\t\t\t\t\t\n<style>\n#section_1598613069 {\n  padding: 5px 30px 5px 30px;\n  background-color: #0b7c3e;\n}\n@media (min-width:550px) {\n  #section_1598613069 {\n    padding: 10px 60px 10px 60px;\n  }\n}\n<\/style>\n\t\t\t\t\t<\/div>\n\t\t\t\t\t\n\t\t<\/div>\n\t\t\t\t\n<style>\n#col-1122019672 > .col-inner {\n  padding: 0px 30px 0px 20px;\n}\n@media (min-width:550px) {\n  #col-1122019672 > .col-inner {\n    padding: 0px 0px 0px 20px;\n  }\n}\n@media (min-width:1025px) {\n  #col-1122019672 > .col-inner {\n    padding: 0px 0px 0px 0px;\n  }\n}\n<\/style>\n\t<\/div>\n\n\t\n<\/div>\n              <\/div>\n           <\/div>\n                            \n<style>\n#text-box-138321710 {\n  width: 100%;\n}\n#text-box-138321710 .text-box-content {\n  font-size: 100%;\n}\n<\/style>\n    <\/div>\n \n        <\/div>\n      <\/div>\n\n            \n<style>\n#banner-948750265 {\n  padding-top: 60vw;\n  background-color: rgba(255, 255, 255, 0);\n}\n#banner-948750265 .banner-bg img {\n  object-position: 100% 45%;\n}\n@media (min-width:550px) {\n  #banner-948750265 {\n    padding-top: 40vw;\n  }\n}\n@media (min-width:1025px) {\n  #banner-948750265 {\n    padding-top: 35vw;\n  }\n}\n<\/style>\n  <\/div>\n\n\n<div class=\"row row-collapse row-full-width\"  id=\"row-1758089830\">\n\n\t<div id=\"col-241955738\" class=\"col small-12 large-12\"  >\n\t\t\t\t<div class=\"col-inner\"  >\n\t\t\t\n\t\t\t\n\t\t\t\t    <div>\n\t\t\t\t\t    \n<style>\n#bw-divider-1438015827 {\n  max-width: 100%;\n  height: 15px;\n  margin-top: 0px;\n  margin-bottom: 0px;\n  background-color: rgb(0, 163, 75);\n}\n@media (min-width:550px) {\n  #bw-divider-1438015827 {\n    height: 30px;\n  }\n}\n@media (min-width:1025px) {\n  #bw-divider-1438015827 {\n    height: 60px;\n  }\n}\n<\/style>\n\t\t\t\t\t    <div id=\"bw-divider-1438015827\" class=\"is-divider divider clearfix bw-divider divider-banner\"><\/div>\n\t\t\t\t\t    \t\t\t\t\t<\/div>\n\t\t\t\t\t    \n\t\t<\/div>\n\t\t\t\t\t<\/div>\n\n\t\n<\/div>\n\n\t<section class=\"section\" id=\"section_2121141759\">\n\t\t<div class=\"section-bg fill\" >\n\t\t\t\t\t\t\t\t\t\n\t\t\t\n\n\t\t<\/div>\n\n\t\t\n\n\t\t<div class=\"section-content relative\">\n\t\t\t\n<div class=\"row row-collapse align-center to-read-text\"  id=\"row-1827823631\">\n\n\t<div id=\"col-334235377\" class=\"col small-12 large-12\"  >\n\t\t\t\t<div class=\"col-inner\"  >\n\t\t\t\n\t\t\t\n\t<div id=\"text-297070246\" class=\"text no-mb-heading bold-text text-balance\">\n\t\t\n<h2><strong>B\u1eb1ng c\u1eed nh\u00e2n qu\u1ed1c t\u1ebf Asia University, \u0110\u00e0i Loan (Trung Qu\u1ed1c)<\/strong><\/h2>\n\t\t\n<style>\n#text-297070246 {\n  text-align: center;\n  color: #0b7c3e;\n}\n#text-297070246 > * {\n  color: #0b7c3e;\n}\n<\/style>\n\t<\/div>\n\t\n\t\t\t\t    <div>\n\t\t\t\t\t    \n<style>\n#bw-divider-274217133 {\n  max-width: 90px;\n  height: 8px;\n  margin-top: 1.5em;\n  margin-bottom: 1.5em;\n  background-color: rgb(0, 157, 74);\n}\n<\/style>\n<div class=\"text-center\">\t\t\t\t\t    <div id=\"bw-divider-274217133\" class=\"is-divider divider clearfix bw-divider default-divider\"><\/div>\n\t\t\t\t\t    <\/div>\t\t\t\t\t<\/div>\n\t\t\t\t\t    \n\t\t<\/div>\n\t\t\t\t\n<style>\n#col-334235377 > .col-inner {\n  padding: 30px 15px 0px 15px;\n}\n@media (min-width:550px) {\n  #col-334235377 > .col-inner {\n    padding: 30px 15px 10px 15px;\n  }\n}\n@media (min-width:1025px) {\n  #col-334235377 > .col-inner {\n    padding: 50px 0px 10px 0px;\n  }\n}\n<\/style>\n\t<\/div>\n\n\t\n\n\t<div id=\"col-170022722\" class=\"col medium-12 small-12 large-8\"  >\n\t\t\t\t<div class=\"col-inner\"  >\n\t\t\t\n\t\t\t\n\n\t\t\t\t\t<div class=\"bw-container no-overflow relative\" id=\"section_1520036930\">\n\t\t\t\t\t\t<div class=\"section-bg fill\" >\n\t\t\t\t\t\t\t\t\t\t\t\t\t\t\t\t\t\t\t\t\t\n\t\t\t\t\t\t\t\n\n\t\t\t\t\t\t<\/div>\n\n\t\t\t\t\t\t\n\n\t\t\t\t\t\t<div class=\"section-content relative\">\n\t\t\t\t\t\t\t\n<p style=\"text-align: justify;\">Sau khi t\u1ed1t nghi\u1ec7p, sinh vi\u00ean Asia University Vietnam nh\u1eadn b\u1eb1ng c\u1eed nh\u00e2n qu\u1ed1c t\u1ebf t\u1eeb Asia University, \u0110\u00e0i Loan (Trung Qu\u1ed1c) \u2013 Top 401-500 \u0111\u1ea1i h\u1ecdc t\u1ed1t nh\u1ea5t th\u1ebf gi\u1edbi theo THE, 2025, \u0111\u01b0\u1ee3c c\u00f4ng nh\u1eadn r\u1ed9ng r\u00e3i tr\u00ean to\u00e0n c\u1ea7u.<\/p>\n<p style=\"text-align: justify;\">M\u1eabu v\u0103n b\u1eb1ng xem th\u00eam\u00a0<strong><a href=\"https:\/\/asia-vn.edu.vn\/wp-content\/uploads\/2025\/09\/bang-cap-quoc-te-asia-university-vietnam.pdf\">T\u1ea0I \u0110\u00c2Y<\/a><\/strong><\/p>\n\t\t\t\t\t\t<\/div>\n\n\t\t\t\t\t\t\n<style>\n#section_1520036930 {\n  padding: 15px 15px 10px 15px;\n  background-color: rgb(255,255,255);\n}\n@media (min-width:550px) {\n  #section_1520036930 {\n    padding: 20px 20px 20px 20px;\n  }\n}\n@media (min-width:1025px) {\n  #section_1520036930 {\n    padding: 20px 20px 10px 20px;\n  }\n}\n<\/style>\n\t\t\t\t\t<\/div>\n\t\t\t\t\t\n\t\t<\/div>\n\t\t\t\t\n<style>\n#col-170022722 > .col-inner {\n  padding: 0px 15px 0px 15px;\n  margin: 0px 0px 40px 0px;\n  border-radius: 6px;\n}\n@media (min-width:550px) {\n  #col-170022722 > .col-inner {\n    padding: 0px 15px 0px 15px;\n    margin: 0px 0px 50px 0px;\n  }\n}\n@media (min-width:1025px) {\n  #col-170022722 > .col-inner {\n    padding: 0px 0px 0px 0px;\n  }\n}\n<\/style>\n\t<\/div>\n\n\t\n<\/div>\n\t\t<\/div>\n\n\t\t\n<style>\n#section_2121141759 {\n  padding-top: 0px;\n  padding-bottom: 0px;\n  background-color: rgb(246, 246, 246);\n}\n<\/style>\n\t<\/section>\n\t\n","protected":false},"excerpt":{"rendered":"","protected":false},"author":2,"featured_media":0,"parent":35828,"menu_order":0,"comment_status":"closed","ping_status":"closed","template":"page-blank.php","meta":{"footnotes":""},"class_list":["post-35834","page","type-page","status-publish","hentry"],"_links":{"self":[{"href":"https:\/\/asia-vn.edu.vn\/en\/wp-json\/wp\/v2\/pages\/35834","targetHints":{"allow":["GET"]}}],"collection":[{"href":"https:\/\/asia-vn.edu.vn\/en\/wp-json\/wp\/v2\/pages"}],"about":[{"href":"https:\/\/asia-vn.edu.vn\/en\/wp-json\/wp\/v2\/types\/page"}],"author":[{"embeddable":true,"href":"https:\/\/asia-vn.edu.vn\/en\/wp-json\/wp\/v2\/users\/2"}],"replies":[{"embeddable":true,"href":"https:\/\/asia-vn.edu.vn\/en\/wp-json\/wp\/v2\/comments?post=35834"}],"version-history":[{"count":0,"href":"https:\/\/asia-vn.edu.vn\/en\/wp-json\/wp\/v2\/pages\/35834\/revisions"}],"up":[{"embeddable":true,"href":"https:\/\/asia-vn.edu.vn\/en\/wp-json\/wp\/v2\/pages\/35828"}],"wp:attachment":[{"href":"https:\/\/asia-vn.edu.vn\/en\/wp-json\/wp\/v2\/media?parent=35834"}],"curies":[{"name":"wp","href":"https:\/\/api.w.org\/{rel}","templated":true}]}}