{"id":35841,"date":"2025-09-23T15:17:46","date_gmt":"2025-09-23T08:17:46","guid":{"rendered":"https:\/\/new.asia-vn.edu.vn\/?page_id=35841"},"modified":"2026-04-23T10:54:19","modified_gmt":"2026-04-23T03:54:19","slug":"nghien-cuu-khoa-hoc","status":"publish","type":"page","link":"https:\/\/asia-vn.edu.vn\/en\/nghien-cuu-khoa-hoc\/","title":{"rendered":"Nghi\u00ean c\u1ee9u khoa h\u1ecdc"},"content":{"rendered":"\n  <div class=\"banner has-hover\" id=\"banner-1723928342\">\n          <div class=\"banner-inner fill\">\n        <div class=\"banner-bg fill\" >\n            <img decoding=\"async\" width=\"1790\" height=\"639\" src=\"https:\/\/asia-vn.edu.vn\/wp-content\/uploads\/2025\/10\/asia-banner-15.webp\" class=\"bg attachment-original size-original\" alt=\"\" \/>                                    \n                    <\/div>\n\t\t\n        <div class=\"banner-layers container\">\n            <div class=\"fill banner-link\"><\/div>            \n   <div id=\"text-box-1415333503\" class=\"text-box banner-layer x0 md-x0 lg-x0 y90 md-y50 lg-y50 res-text\">\n                                <div class=\"text-box-content text dark\">\n              \n              <div class=\"text-inner text-left\">\n                  \n<div class=\"row row-collapse\"  id=\"row-1803599740\">\n\n\t<div id=\"col-1100090918\" class=\"col small-12 large-12\"  >\n\t\t\t\t<div class=\"col-inner\"  >\n\t\t\t\n\t\t\t\n\n\t\t\t\t\t<div class=\"bw-container no-overflow relative banner-container\" id=\"section_2101621752\">\n\t\t\t\t\t\t<div class=\"section-bg fill\" >\n\t\t\t\t\t\t\t\t\t\t\t\t\t\t\t\t\t\t\t\t\t\n\t\t\t\t\t\t\t\n\n\t\t\t\t\t\t<\/div>\n\n\t\t\t\t\t\t\n\n\t\t\t\t\t\t<div class=\"section-content relative\">\n\t\t\t\t\t\t\t\n\t\t\t\t\t<div id=\"bw-page-title-976657580\">\n\t\t\t\t\t    \n<style>\n#bw-page-title-976657580 > .bw-page-title {\n  font-size: 1.3rem;\n}\n@media (min-width:550px) {\n  #bw-page-title-976657580 > .bw-page-title {\n    font-size: 2.2rem;\n  }\n}\n@media (min-width:1025px) {\n  #bw-page-title-976657580 > .bw-page-title {\n    font-size: 3rem;\n  }\n}\n<\/style>\n    \t\t\t\t\t<h1 itemprop=\"headline\" class=\"bw-page-title\">\n    \t\t\t\t\t    Nghi\u00ean c\u1ee9u khoa h\u1ecdc    \t\t\t\t\t<\/h1>\n\t\t\t\t\t<\/div>\n\t\t\t\t\t\n\t\t\t\t\t\t<\/div>\n\n\t\t\t\t\t\t\n<style>\n#section_2101621752 {\n  padding: 5px 30px 5px 30px;\n  background-color: #0b7c3e;\n}\n@media (min-width:550px) {\n  #section_2101621752 {\n    padding: 10px 60px 10px 60px;\n  }\n}\n<\/style>\n\t\t\t\t\t<\/div>\n\t\t\t\t\t\n\t\t<\/div>\n\t\t\t\t\n<style>\n#col-1100090918 > .col-inner {\n  padding: 0px 30px 0px 20px;\n}\n@media (min-width:550px) {\n  #col-1100090918 > .col-inner {\n    padding: 0px 0px 0px 20px;\n  }\n}\n@media (min-width:1025px) {\n  #col-1100090918 > .col-inner {\n    padding: 0px 0px 0px 0px;\n  }\n}\n<\/style>\n\t<\/div>\n\n\t\n<\/div>\n              <\/div>\n           <\/div>\n                            \n<style>\n#text-box-1415333503 {\n  width: 100%;\n}\n#text-box-1415333503 .text-box-content {\n  font-size: 100%;\n}\n<\/style>\n    <\/div>\n \n        <\/div>\n      <\/div>\n\n            \n<style>\n#banner-1723928342 {\n  padding-top: 60vw;\n  background-color: rgba(255, 255, 255, 0);\n}\n#banner-1723928342 .banner-bg img {\n  object-position: 100% 54%;\n}\n@media (min-width:550px) {\n  #banner-1723928342 {\n    padding-top: 40vw;\n  }\n}\n@media (min-width:1025px) {\n  #banner-1723928342 {\n    padding-top: 35vw;\n  }\n}\n<\/style>\n  <\/div>\n\n\n<div class=\"row row-collapse row-full-width\"  id=\"row-1538554412\">\n\n\t<div id=\"col-634661154\" class=\"col small-12 large-12\"  >\n\t\t\t\t<div class=\"col-inner\"  >\n\t\t\t\n\t\t\t\n\t\t\t\t    <div>\n\t\t\t\t\t    \n<style>\n#bw-divider-740116771 {\n  max-width: 100%;\n  height: 15px;\n  margin-top: 0px;\n  margin-bottom: 0px;\n  background-color: rgb(0, 163, 75);\n}\n@media (min-width:550px) {\n  #bw-divider-740116771 {\n    height: 30px;\n  }\n}\n@media (min-width:1025px) {\n  #bw-divider-740116771 {\n    height: 60px;\n  }\n}\n<\/style>\n\t\t\t\t\t    <div id=\"bw-divider-740116771\" class=\"is-divider divider clearfix bw-divider divider-banner\"><\/div>\n\t\t\t\t\t    \t\t\t\t\t<\/div>\n\t\t\t\t\t    \n\t\t<\/div>\n\t\t\t\t\t<\/div>\n\n\t\n<\/div>\n\n\t<section class=\"section\" id=\"section_1434819709\">\n\t\t<div class=\"section-bg fill\" >\n\t\t\t\t\t\t\t\t\t\n\t\t\t\n\n\t\t<\/div>\n\n\t\t\n\n\t\t<div class=\"section-content relative\">\n\t\t\t\n<div class=\"row row-collapse\"  id=\"row-496582298\">\n\n\t<div id=\"col-548913692\" class=\"col medium-12 small-12 large-12\"  >\n\t\t\t\t<div class=\"col-inner\"  >\n\t\t\t\n\t\t\t\n\t<div id=\"text-1354399488\" class=\"text bold-text text-balance no-mb-heading\">\n\t\t\n<h2><strong>Nghi\u00ean c\u1ee9u<\/strong><\/h2>\n\t\t\n<style>\n#text-1354399488 {\n  color: #0b7c3e;\n}\n#text-1354399488 > * {\n  color: #0b7c3e;\n}\n<\/style>\n\t<\/div>\n\t\n\t\t\t\t    <div>\n\t\t\t\t\t    \n<style>\n#bw-divider-199295672 {\n  max-width: 90px;\n  height: 8px;\n  margin-top: 20px;\n  margin-bottom: 20px;\n  background-color: rgb(0, 157, 74);\n}\n@media (min-width:550px) {\n  #bw-divider-199295672 {\n    margin-top: 30px;\n    margin-bottom: 30px;\n  }\n}\n<\/style>\n\t\t\t\t\t    <div id=\"bw-divider-199295672\" class=\"is-divider divider clearfix bw-divider default-divider\"><\/div>\n\t\t\t\t\t    \t\t\t\t\t<\/div>\n\t\t\t\t\t    \n\n\t\t\t\t\t<div class=\"bw-container no-overflow relative\" id=\"section_702561757\">\n\t\t\t\t\t\t<div class=\"section-bg fill\" >\n\t\t\t\t\t\t\t\t\t\t\t\t\t\t\t\t\t\t\t\t\t\n\t\t\t\t\t\t\t\n\n\t\t\t\t\t\t<\/div>\n\n\t\t\t\t\t\t\n\n\t\t\t\t\t\t<div class=\"section-content relative\">\n\t\t\t\t\t\t\t\n<p style=\"text-align: justify;\">Sinh vi\u00ean Asia Vietnam c\u00f3 c\u01a1 h\u1ed9i ti\u1ebfp c\u1eadn v\u1edbi c\u00e1c d\u1ef1 \u00e1n nghi\u00ean c\u1ee9u th\u1ef1c ti\u1ec5n, t\u1eeb \u0111\u00f3 n\u00e2ng cao k\u1ef9 n\u0103ng nghi\u00ean c\u1ee9u v\u00e0 \u1ee9ng d\u1ee5ng v\u00e0o th\u1ef1c t\u1ebf. Sinh vi\u00ean \u0111\u01b0\u1ee3c h\u1ed7 tr\u1ee3 t\u1eeb trung t\u00e2m nghi\u00ean c\u1ee9u b\u00e1n d\u1eabn h\u00e0ng \u0111\u1ea7u nh\u01b0 TSRI, ITRI, NARlabs t\u1ea1i \u0110\u00e0i Loan; H\u1ecdc g\u1eafn v\u1edbi th\u1ef1c h\u00e0nh t\u1eeb c\u00e1c c\u00f4ng ty c\u00f4ng ngh\u1ec7 h\u00e0ng \u0111\u1ea7u nh\u01b0 TSMC, FPT Semiconductor, UMC, MediaTek; c\u00e1c c\u00f4ng ty kinh doanh, t\u00e0i ch\u00ednh uy t\u00edn ngay t\u1ea1i \u0110\u00e0i Loan.<\/p>\n<p style=\"text-align: justify;\">Th\u00f4ng qua c\u00e1c ch\u01b0\u01a1ng tr\u00ecnh h\u1ee3p t\u00e1c qu\u1ed1c t\u1ebf, sinh vi\u00ean \u0111\u01b0\u1ee3c ti\u1ebfp c\u1eadn v\u1edbi c\u00f4ng ngh\u1ec7 ti\u00ean ti\u1ebfn v\u00e0 m\u00f4i tr\u01b0\u1eddng h\u1ecdc t\u1eadp hi\u1ec7n \u0111\u1ea1i, chu\u1ea9n b\u1ecb h\u00e0nh trang v\u1eefng ch\u1eafc \u0111\u1ec3 gia nh\u1eadp th\u1ecb tr\u01b0\u1eddng lao \u0111\u1ed9ng to\u00e0n c\u1ea7u.<\/p>\n\t<div id=\"gap-1196770847\" class=\"gap-element clearfix\" style=\"display:block; height:auto;\">\n\t\t\n<style>\n#gap-1196770847 {\n  padding-top: 10px;\n}\n<\/style>\n\t<\/div>\n\t\n<a href=\"\/dang-ky-truc-tuyen-asiaunversity-vietnam\/\" class=\"button success\" style=\"border-radius:30px;\">\n\t\t<span>T\u00ecm hi\u1ec3u th\u00f4ng tin<\/span>\n\t<i class=\"icon-angle-right\" aria-hidden=\"true\"><\/i><\/a>\n\n\t<div id=\"gap-1124618147\" class=\"gap-element clearfix show-for-small\" style=\"display:block; height:auto;\">\n\t\t\n<style>\n#gap-1124618147 {\n  padding-top: 10px;\n}\n<\/style>\n\t<\/div>\n\t\n<a href=\"https:\/\/dangky.asia-vn.edu.vn\/login\" target=\"_blank\" class=\"button success\" rel=\"noopener\" style=\"border-radius:30px;\">\n\t\t<span>\u0110\u0103ng k\u00fd n\u1ed9p h\u1ed3 s\u01a1<\/span>\n\t<i class=\"icon-angle-right\" aria-hidden=\"true\"><\/i><\/a>\n\n\t\t\t\t\t\t<\/div>\n\n\t\t\t\t\t\t\n<style>\n#section_702561757 {\n  padding: 20px 20px 25px 20px;\n  margin: 0px 0px 50px 0px;\n  background-color: rgb(255,255,255);\n}\n<\/style>\n\t\t\t\t\t<\/div>\n\t\t\t\t\t\n\t\t<\/div>\n\t\t\t\t\n<style>\n#col-548913692 > .col-inner {\n  padding: 30px 15px 0px 15px;\n  margin: 0px 0px 0px 0px;\n}\n@media (min-width:550px) {\n  #col-548913692 > .col-inner {\n    padding: 30px 15px 0px 15px;\n  }\n}\n@media (min-width:1025px) {\n  #col-548913692 > .col-inner {\n    padding: 0px 0px 0px 0px;\n    margin: 50px 0px 0px 0px;\n  }\n}\n<\/style>\n\t<\/div>\n\n\t\n<\/div>\n\t\t<\/div>\n\n\t\t\n<style>\n#section_1434819709 {\n  padding-top: 0px;\n  padding-bottom: 0px;\n  background-color: rgb(245, 245, 245);\n}\n<\/style>\n\t<\/section>\n\t\n","protected":false},"excerpt":{"rendered":"","protected":false},"author":2,"featured_media":0,"parent":0,"menu_order":0,"comment_status":"closed","ping_status":"closed","template":"page-blank.php","meta":{"footnotes":""},"class_list":["post-35841","page","type-page","status-publish","hentry"],"_links":{"self":[{"href":"https:\/\/asia-vn.edu.vn\/en\/wp-json\/wp\/v2\/pages\/35841","targetHints":{"allow":["GET"]}}],"collection":[{"href":"https:\/\/asia-vn.edu.vn\/en\/wp-json\/wp\/v2\/pages"}],"about":[{"href":"https:\/\/asia-vn.edu.vn\/en\/wp-json\/wp\/v2\/types\/page"}],"author":[{"embeddable":true,"href":"https:\/\/asia-vn.edu.vn\/en\/wp-json\/wp\/v2\/users\/2"}],"replies":[{"embeddable":true,"href":"https:\/\/asia-vn.edu.vn\/en\/wp-json\/wp\/v2\/comments?post=35841"}],"version-history":[{"count":0,"href":"https:\/\/asia-vn.edu.vn\/en\/wp-json\/wp\/v2\/pages\/35841\/revisions"}],"wp:attachment":[{"href":"https:\/\/asia-vn.edu.vn\/en\/wp-json\/wp\/v2\/media?parent=35841"}],"curies":[{"name":"wp","href":"https:\/\/api.w.org\/{rel}","templated":true}]}}