{"id":35842,"date":"2025-09-23T15:24:38","date_gmt":"2025-09-23T08:24:38","guid":{"rendered":"https:\/\/new.asia-vn.edu.vn\/?page_id=35842"},"modified":"2025-10-23T18:00:31","modified_gmt":"2025-10-23T11:00:31","slug":"lien-he","status":"publish","type":"page","link":"https:\/\/asia-vn.edu.vn\/en\/lien-he\/","title":{"rendered":"Li\u00ean h\u1ec7"},"content":{"rendered":"\n  <div class=\"banner has-hover\" id=\"banner-629875341\">\n          <div class=\"banner-inner fill\">\n        <div class=\"banner-bg fill\" >\n            <img decoding=\"async\" width=\"1867\" height=\"821\" src=\"https:\/\/asia-vn.edu.vn\/wp-content\/uploads\/2025\/10\/asia-banner-18.webp\" class=\"bg attachment-original size-original\" alt=\"\" \/>                                    \n                    <\/div>\n\t\t\n        <div class=\"banner-layers container\">\n            <div class=\"fill banner-link\"><\/div>            \n   <div id=\"text-box-23714544\" class=\"text-box banner-layer x0 md-x0 lg-x0 y50 md-y50 lg-y50 res-text\">\n                                <div class=\"text-box-content text dark\">\n              \n              <div class=\"text-inner text-left\">\n                  \n<div class=\"row row-collapse\"  id=\"row-1119341928\">\n\n\t<div id=\"col-376057684\" class=\"col small-12 large-12\"  >\n\t\t\t\t<div class=\"col-inner\"  >\n\t\t\t\n\t\t\t\n\n\t\t\t\t\t<div class=\"bw-container no-overflow relative banner-container\" id=\"section_1173977675\">\n\t\t\t\t\t\t<div class=\"section-bg fill\" >\n\t\t\t\t\t\t\t\t\t\t\t\t\t\t\t\t\t\t\t\t\t\n\t\t\t\t\t\t\t\n\n\t\t\t\t\t\t<\/div>\n\n\t\t\t\t\t\t\n\n\t\t\t\t\t\t<div class=\"section-content relative\">\n\t\t\t\t\t\t\t\n\t\t\t\t\t<div id=\"bw-page-title-597876438\">\n\t\t\t\t\t    \n<style>\n#bw-page-title-597876438 > .bw-page-title {\n  font-size: 1.8rem;\n}\n@media (min-width:550px) {\n  #bw-page-title-597876438 > .bw-page-title {\n    font-size: 2.2rem;\n  }\n}\n@media (min-width:1025px) {\n  #bw-page-title-597876438 > .bw-page-title {\n    font-size: 3rem;\n  }\n}\n<\/style>\n    \t\t\t\t\t<h1 itemprop=\"headline\" class=\"bw-page-title\">\n    \t\t\t\t\t    Li\u00ean h\u1ec7    \t\t\t\t\t<\/h1>\n\t\t\t\t\t<\/div>\n\t\t\t\t\t\n\t\t\t\t\t\t<\/div>\n\n\t\t\t\t\t\t\n<style>\n#section_1173977675 {\n  padding: 5px 30px 5px 30px;\n  background-color: #0b7c3e;\n}\n@media (min-width:550px) {\n  #section_1173977675 {\n    padding: 10px 60px 10px 60px;\n  }\n}\n<\/style>\n\t\t\t\t\t<\/div>\n\t\t\t\t\t\n\t\t<\/div>\n\t\t\t\t\n<style>\n#col-376057684 > .col-inner {\n  padding: 0px 60px 0px 20px;\n}\n@media (min-width:550px) {\n  #col-376057684 > .col-inner {\n    padding: 0px 0px 0px 20px;\n  }\n}\n@media (min-width:1025px) {\n  #col-376057684 > .col-inner {\n    padding: 0px 0px 0px 0px;\n  }\n}\n<\/style>\n\t<\/div>\n\n\t\n<\/div>\n              <\/div>\n           <\/div>\n                            \n<style>\n#text-box-23714544 {\n  width: 100%;\n}\n#text-box-23714544 .text-box-content {\n  font-size: 100%;\n}\n<\/style>\n    <\/div>\n \n        <\/div>\n      <\/div>\n\n            \n<style>\n#banner-629875341 {\n  padding-top: 60vw;\n  background-color: rgba(255, 255, 255, 0);\n}\n#banner-629875341 .banner-bg img {\n  object-position: 48% 45%;\n}\n@media (min-width:550px) {\n  #banner-629875341 {\n    padding-top: 40vw;\n  }\n}\n@media (min-width:1025px) {\n  #banner-629875341 {\n    padding-top: 35vw;\n  }\n}\n<\/style>\n  <\/div>\n\n\n<div class=\"row row-collapse row-full-width\"  id=\"row-2143551916\">\n\n\t<div id=\"col-1572499941\" class=\"col small-12 large-12\"  >\n\t\t\t\t<div class=\"col-inner\"  >\n\t\t\t\n\t\t\t\n\t\t\t\t    <div>\n\t\t\t\t\t    \n<style>\n#bw-divider-1034237375 {\n  max-width: 100%;\n  height: 15px;\n  margin-top: 0px;\n  margin-bottom: 0px;\n  background-color: rgb(0, 163, 75);\n}\n@media (min-width:550px) {\n  #bw-divider-1034237375 {\n    height: 30px;\n  }\n}\n@media (min-width:1025px) {\n  #bw-divider-1034237375 {\n    height: 60px;\n  }\n}\n<\/style>\n\t\t\t\t\t    <div id=\"bw-divider-1034237375\" class=\"is-divider divider clearfix bw-divider divider-banner\"><\/div>\n\t\t\t\t\t    \t\t\t\t\t<\/div>\n\t\t\t\t\t    \n\t\t<\/div>\n\t\t\t\t\t<\/div>\n\n\t\n<\/div>\n\n\t<section class=\"section\" id=\"section_680791329\">\n\t\t<div class=\"section-bg fill\" >\n\t\t\t\t\t\t\t\t\t\n\t\t\t\n\n\t\t<\/div>\n\n\t\t\n\n\t\t<div class=\"section-content relative\">\n\t\t\t\n<div class=\"row row-collapse\"  id=\"row-374555616\">\n\n\t<div id=\"col-1124412671\" class=\"col medium-12 small-12 large-12\"  >\n\t\t\t\t<div class=\"col-inner\"  >\n\t\t\t\n\t\t\t\n\t<div id=\"text-2198419134\" class=\"text bold-text text-balance no-mb-heading\">\n\t\t\n<h2><strong>Th\u00f4ng tin li\u00ean h\u1ec7<\/strong><\/h2>\n\t\t\n<style>\n#text-2198419134 {\n  text-align: center;\n  color: #0b7c3e;\n}\n#text-2198419134 > * {\n  color: #0b7c3e;\n}\n<\/style>\n\t<\/div>\n\t\n\t\t\t\t    <div>\n\t\t\t\t\t    \n<style>\n#bw-divider-1891764527 {\n  max-width: 90px;\n  height: 8px;\n  margin-top: 20px;\n  margin-bottom: 20px;\n  background-color: rgb(0, 157, 74);\n}\n@media (min-width:550px) {\n  #bw-divider-1891764527 {\n    margin-top: 30px;\n    margin-bottom: 30px;\n  }\n}\n<\/style>\n<div class=\"text-center\">\t\t\t\t\t    <div id=\"bw-divider-1891764527\" class=\"is-divider divider clearfix bw-divider default-divider\"><\/div>\n\t\t\t\t\t    <\/div>\t\t\t\t\t<\/div>\n\t\t\t\t\t    \n\t\t<\/div>\n\t\t\t\t\n<style>\n#col-1124412671 > .col-inner {\n  padding: 30px 15px 0px 15px;\n  margin: 0px 0px 0px 0px;\n}\n@media (min-width:550px) {\n  #col-1124412671 > .col-inner {\n    padding: 30px 50px 0px 50px;\n  }\n}\n@media (min-width:1025px) {\n  #col-1124412671 > .col-inner {\n    padding: 0px 0px 0px 0px;\n    margin: 50px 0px 0px 0px;\n  }\n}\n<\/style>\n\t<\/div>\n\n\t\n\n\t<div id=\"col-994817639\" class=\"col medium-12 small-12 large-8\"  >\n\t\t\t\t<div class=\"col-inner\"  >\n\t\t\t\n\t\t\t\n\t<div id=\"text-3221158701\" class=\"text no-mb-heading bold-text\">\n\t\t\n<p><strong>Asia University Vietnam<\/strong><\/p>\n\t\t\n<style>\n#text-3221158701 {\n  font-size: 1.2rem;\n}\n<\/style>\n\t<\/div>\n\t\n<div class=\"is-divider divider clearfix\" style=\"margin-top:1.2em;margin-bottom:1.2em;max-width:80px;background-color:rgb(0, 157, 74);\"><\/div>\n<div class=\"row\"  id=\"row-776585359\">\n\n\t<div id=\"col-909428968\" class=\"col no-pb-col medium-6 small-12 large-6\"  >\n\t\t\t\t<div class=\"col-inner\"  >\n\t\t\t\n\t\t\t\n\t<div id=\"text-3912968242\" class=\"text semibold\">\n\t\t\n<p>C\u01a1 s\u1edf H\u00e0 N\u1ed9i<\/p>\n\t\t\t<\/div>\n\t\n\t\t\t\t\t\t\t\t\t\t<a class=\"plain \" href=\"https:\/\/www.google.com\/maps\/place\/Asia+University+Vietnam\/@21.0286064,105.7792591,17z\/data=!3m1!4b1!4m6!3m5!1s0x31345500365f86e3:0xb69d4095c4222886!8m2!3d21.0286064!4d105.7818394!16s%2Fg%2F11xdmdm1vx?entry=ttu&#038;g_ep=EgoyMDI1MTAwOC4wIKXMDSoASAFQAw%3D%3D\" target=\"_blank\" rel=\"noopener nofollow\">\t\t\t\t\t<div id=\"bw-icon-1300701383\" class=\"icon-box featured-box bw-icon-box icon-box-left\"  style=\"align-items:center;\">\n\t\t\t\t\t\t\n<style>\n#bw-icon-1300701383 {\n  margin: 0px 0px 25px 0px;\n}\n#bw-icon-1300701383 > .icon-box-img {\n  margin: 0px 10px 0px 0px;\n}\n#bw-icon-1300701383 > .icon-box-img > .icon {\n  width: 26px;\n}\n<\/style>\n\t\t\t\t\t\t\t<div class=\"icon-box-img\">\n\t\t\t\t\t\t\t\t<div class=\"icon\" >\n\t\t\t\t\t\t\t\t\t<div class=\"icon-inner\" >\n\t\t\t\t\t\t\t\t\t\t<img decoding=\"async\" width=\"1\" height=\"1\" src=\"https:\/\/asia-vn.edu.vn\/wp-content\/uploads\/2025\/09\/map.svg\" class=\"attachment-medium size-medium\" alt=\"\" \/>\t\t\t\t\t\t\t\t\t<\/div>\n\t\t\t\t\t\t\t\t<\/div>\n\t\t\t\t\t\t\t<\/div>\n\t\t\t\t\t\t\t\t\t\t\t\t<div class=\"icon-box-text last-reset\">\n\t\t\t\t\t\t\t\t\t\t\t\t\t\t\t\t\t\t\t\t\t\n<p>S\u1ed1 8 T\u00f4n Th\u1ea5t Thuy\u1ebft, Ph\u01b0\u1eddng C\u1ea7u Gi\u1ea5y, Th\u00e0nh ph\u1ed1 H\u00e0 N\u1ed9i<\/p>\n\t\t\t\t\t\t<\/div>\n\t\t\t\t\t\t\t\t\t\t\t<\/div>\n\t\t\t\t\t<\/a>\t\t\t\t\t\n\t\t\t\t\t\t\t\t\t\t<a class=\"plain \" href=\"mailto:asiaunivietnam@fpt.edu.vn\" >\t\t\t\t\t<div id=\"bw-icon-1812170472\" class=\"icon-box featured-box bw-icon-box icon-box-left\"  style=\"align-items:center;\">\n\t\t\t\t\t\t\n<style>\n#bw-icon-1812170472 {\n  margin: 0px 0px 25px 0px;\n}\n#bw-icon-1812170472 > .icon-box-img {\n  margin: 0px 10px 0px 0px;\n}\n#bw-icon-1812170472 > .icon-box-img > .icon {\n  width: 26px;\n}\n<\/style>\n\t\t\t\t\t\t\t<div class=\"icon-box-img\">\n\t\t\t\t\t\t\t\t<div class=\"icon\" >\n\t\t\t\t\t\t\t\t\t<div class=\"icon-inner\" >\n\t\t\t\t\t\t\t\t\t\t<img decoding=\"async\" width=\"1\" height=\"1\" src=\"https:\/\/asia-vn.edu.vn\/wp-content\/uploads\/2025\/09\/sms.svg\" class=\"attachment-medium size-medium\" alt=\"\" \/>\t\t\t\t\t\t\t\t\t<\/div>\n\t\t\t\t\t\t\t\t<\/div>\n\t\t\t\t\t\t\t<\/div>\n\t\t\t\t\t\t\t\t\t\t\t\t<div class=\"icon-box-text last-reset\">\n\t\t\t\t\t\t\t\t\t\t\t\t\t\t\t\t\t\t\t\t\t\n<p>asiaunivietnam@fpt.edu.vn<\/p>\n\t\t\t\t\t\t<\/div>\n\t\t\t\t\t\t\t\t\t\t\t<\/div>\n\t\t\t\t\t<\/a>\t\t\t\t\t\n\t\t\t\t\t\t\t\t\t\t<a class=\"plain \" href=\"tel:0775127333\" >\t\t\t\t\t<div id=\"bw-icon-243410114\" class=\"icon-box featured-box bw-icon-box icon-box-left\"  style=\"align-items:center;\">\n\t\t\t\t\t\t\n<style>\n#bw-icon-243410114 > .icon-box-img {\n  margin: 0px 10px 0px 0px;\n}\n#bw-icon-243410114 > .icon-box-img > .icon {\n  width: 26px;\n}\n<\/style>\n\t\t\t\t\t\t\t<div class=\"icon-box-img\">\n\t\t\t\t\t\t\t\t<div class=\"icon\" >\n\t\t\t\t\t\t\t\t\t<div class=\"icon-inner\" >\n\t\t\t\t\t\t\t\t\t\t<img decoding=\"async\" width=\"1\" height=\"1\" src=\"https:\/\/asia-vn.edu.vn\/wp-content\/uploads\/2025\/09\/call.svg\" class=\"attachment-medium size-medium\" alt=\"\" \/>\t\t\t\t\t\t\t\t\t<\/div>\n\t\t\t\t\t\t\t\t<\/div>\n\t\t\t\t\t\t\t<\/div>\n\t\t\t\t\t\t\t\t\t\t\t\t<div class=\"icon-box-text last-reset\">\n\t\t\t\t\t\t\t\t\t\t\t\t\t\t\t\t\t\t\t\t\t\n<p>0775127333<\/p>\n\t\t\t\t\t\t<\/div>\n\t\t\t\t\t\t\t\t\t\t\t<\/div>\n\t\t\t\t\t<\/a>\t\t\t\t\t\n\t\t<\/div>\n\t\t\t\t\n<style>\n#col-909428968 > .col-inner {\n  margin: 0px 0px 30px 0px;\n}\n@media (min-width:550px) {\n  #col-909428968 > .col-inner {\n    margin: 0px 0px 0px 0px;\n  }\n}\n<\/style>\n\t<\/div>\n\n\t\n\n\t<div id=\"col-14254619\" class=\"col no-pb-col medium-6 small-12 large-6\"  >\n\t\t\t\t<div class=\"col-inner\"  >\n\t\t\t\n\t\t\t\n\t<div id=\"text-1804133066\" class=\"text semibold\">\n\t\t\n<p>C\u01a1 s\u1edf TP. H\u1ed3 Ch\u00ed Minh<\/p>\n\t\t\t<\/div>\n\t\n\t\t\t\t\t\t\t\t\t\t<a class=\"plain \" href=\"https:\/\/www.google.com\/maps\/place\/Asia+University+Vietnam\/@10.8143975,106.6686781,17z\/data=!3m1!4b1!4m6!3m5!1s0x317529007ec51583:0x82c6991acbb56488!8m2!3d10.8143975!4d106.6712584!16s%2Fg%2F11xdmwvmsq?entry=ttu&#038;g_ep=EgoyMDI1MTAwOC4wIKXMDSoASAFQAw%3D%3D\" target=\"_blank\" rel=\"noopener nofollow\">\t\t\t\t\t<div id=\"bw-icon-360605764\" class=\"icon-box featured-box bw-icon-box icon-box-left\"  style=\"align-items:center;\">\n\t\t\t\t\t\t\n<style>\n#bw-icon-360605764 {\n  margin: 0px 0px 25px 0px;\n}\n#bw-icon-360605764 > .icon-box-img {\n  margin: 0px 10px 0px 0px;\n}\n#bw-icon-360605764 > .icon-box-img > .icon {\n  width: 26px;\n}\n<\/style>\n\t\t\t\t\t\t\t<div class=\"icon-box-img\">\n\t\t\t\t\t\t\t\t<div class=\"icon\" >\n\t\t\t\t\t\t\t\t\t<div class=\"icon-inner\" >\n\t\t\t\t\t\t\t\t\t\t<img decoding=\"async\" width=\"1\" height=\"1\" src=\"https:\/\/asia-vn.edu.vn\/wp-content\/uploads\/2025\/09\/map.svg\" class=\"attachment-medium size-medium\" alt=\"\" \/>\t\t\t\t\t\t\t\t\t<\/div>\n\t\t\t\t\t\t\t\t<\/div>\n\t\t\t\t\t\t\t<\/div>\n\t\t\t\t\t\t\t\t\t\t\t\t<div class=\"icon-box-text last-reset\">\n\t\t\t\t\t\t\t\t\t\t\t\t\t\t\t\t\t\t\t\t\t\n<p>S\u1ed1 34 B\u1ea1ch \u0110\u1eb1ng, Ph\u01b0\u1eddng T\u00e2n S\u01a1n Ho\u00e0, Th\u00e0nh ph\u1ed1 H\u1ed3 Ch\u00ed Minh<\/p>\n\t\t\t\t\t\t<\/div>\n\t\t\t\t\t\t\t\t\t\t\t<\/div>\n\t\t\t\t\t<\/a>\t\t\t\t\t\n\t\t\t\t\t\t\t\t\t\t<a class=\"plain \" href=\"mailto:asiaunivietnam@fpt.edu.vn\" >\t\t\t\t\t<div id=\"bw-icon-1953905793\" class=\"icon-box featured-box bw-icon-box icon-box-left\"  style=\"align-items:center;\">\n\t\t\t\t\t\t\n<style>\n#bw-icon-1953905793 {\n  margin: 0px 0px 25px 0px;\n}\n#bw-icon-1953905793 > .icon-box-img {\n  margin: 0px 10px 0px 0px;\n}\n#bw-icon-1953905793 > .icon-box-img > .icon {\n  width: 26px;\n}\n<\/style>\n\t\t\t\t\t\t\t<div class=\"icon-box-img\">\n\t\t\t\t\t\t\t\t<div class=\"icon\" >\n\t\t\t\t\t\t\t\t\t<div class=\"icon-inner\" >\n\t\t\t\t\t\t\t\t\t\t<img decoding=\"async\" width=\"1\" height=\"1\" src=\"https:\/\/asia-vn.edu.vn\/wp-content\/uploads\/2025\/09\/sms.svg\" class=\"attachment-medium size-medium\" alt=\"\" \/>\t\t\t\t\t\t\t\t\t<\/div>\n\t\t\t\t\t\t\t\t<\/div>\n\t\t\t\t\t\t\t<\/div>\n\t\t\t\t\t\t\t\t\t\t\t\t<div class=\"icon-box-text last-reset\">\n\t\t\t\t\t\t\t\t\t\t\t\t\t\t\t\t\t\t\t\t\t\n<p>asiaunivietnam@fpt.edu.vn<\/p>\n\t\t\t\t\t\t<\/div>\n\t\t\t\t\t\t\t\t\t\t\t<\/div>\n\t\t\t\t\t<\/a>\t\t\t\t\t\n\t\t\t\t\t\t\t\t\t\t<a class=\"plain \" href=\"tel:0775127333\" >\t\t\t\t\t<div id=\"bw-icon-677606233\" class=\"icon-box featured-box bw-icon-box icon-box-left\"  style=\"align-items:center;\">\n\t\t\t\t\t\t\n<style>\n#bw-icon-677606233 > .icon-box-img {\n  margin: 0px 10px 0px 0px;\n}\n#bw-icon-677606233 > .icon-box-img > .icon {\n  width: 26px;\n}\n<\/style>\n\t\t\t\t\t\t\t<div class=\"icon-box-img\">\n\t\t\t\t\t\t\t\t<div class=\"icon\" >\n\t\t\t\t\t\t\t\t\t<div class=\"icon-inner\" >\n\t\t\t\t\t\t\t\t\t\t<img decoding=\"async\" width=\"1\" height=\"1\" src=\"https:\/\/asia-vn.edu.vn\/wp-content\/uploads\/2025\/09\/call.svg\" class=\"attachment-medium size-medium\" alt=\"\" \/>\t\t\t\t\t\t\t\t\t<\/div>\n\t\t\t\t\t\t\t\t<\/div>\n\t\t\t\t\t\t\t<\/div>\n\t\t\t\t\t\t\t\t\t\t\t\t<div class=\"icon-box-text last-reset\">\n\t\t\t\t\t\t\t\t\t\t\t\t\t\t\t\t\t\t\t\t\t\n<p>0775127333<\/p>\n\t\t\t\t\t\t<\/div>\n\t\t\t\t\t\t\t\t\t\t\t<\/div>\n\t\t\t\t\t<\/a>\t\t\t\t\t\n\t\t<\/div>\n\t\t\t\t\t<\/div>\n\n\t\n<\/div>\n\t\t<\/div>\n\t\t\t\t\n<style>\n#col-994817639 > .col-inner {\n  padding: 10px 15px 0px 15px;\n}\n@media (min-width:550px) {\n  #col-994817639 > .col-inner {\n    padding: 0px 40px 0px 40px;\n  }\n}\n@media (min-width:1025px) {\n  #col-994817639 > .col-inner {\n    padding: 0px 20px 0px 0px;\n  }\n}\n<\/style>\n\t<\/div>\n\n\t\n\n\t<div id=\"col-693443471\" class=\"col medium-8 small-12 large-4\"  >\n\t\t\t\t<div class=\"col-inner\"  >\n\t\t\t\n\t\t\t\n\t<div id=\"text-704244013\" class=\"text no-mb-heading bold-text\">\n\t\t\n<p><strong>Asia University Taiwan<\/strong><\/p>\n\t\t\n<style>\n#text-704244013 {\n  font-size: 1.2rem;\n}\n<\/style>\n\t<\/div>\n\t\n<div class=\"is-divider divider clearfix\" style=\"margin-top:1.2em;margin-bottom:1.2em;max-width:80px;background-color:rgb(0, 157, 74);\"><\/div>\n\t\t\t\t\t\t\t\t\t\t<a class=\"plain \" href=\"https:\/\/maps.app.goo.gl\/F74zXN9eS25bgQpX7\" target=\"_blank\" rel=\"noopener nofollow\">\t\t\t\t\t<div id=\"bw-icon-1951708511\" class=\"icon-box featured-box bw-icon-box icon-box-left\"  style=\"align-items:center;\">\n\t\t\t\t\t\t\n<style>\n#bw-icon-1951708511 {\n  margin: 0px 0px 25px 0px;\n}\n#bw-icon-1951708511 > .icon-box-img {\n  margin: 0px 10px 0px 0px;\n}\n#bw-icon-1951708511 > .icon-box-img > .icon {\n  width: 26px;\n}\n<\/style>\n\t\t\t\t\t\t\t<div class=\"icon-box-img\">\n\t\t\t\t\t\t\t\t<div class=\"icon\" >\n\t\t\t\t\t\t\t\t\t<div class=\"icon-inner\" >\n\t\t\t\t\t\t\t\t\t\t<img decoding=\"async\" width=\"1\" height=\"1\" src=\"https:\/\/asia-vn.edu.vn\/wp-content\/uploads\/2025\/09\/map.svg\" class=\"attachment-medium size-medium\" alt=\"\" \/>\t\t\t\t\t\t\t\t\t<\/div>\n\t\t\t\t\t\t\t\t<\/div>\n\t\t\t\t\t\t\t<\/div>\n\t\t\t\t\t\t\t\t\t\t\t\t<div class=\"icon-box-text last-reset\">\n\t\t\t\t\t\t\t\t\t\t\t\t\t\t\t\t\t\t\t\t\t\n<p>No. 500, Liufeng Road, Wufeng District, Taichung City, Taiwan<\/p>\n\t\t\t\t\t\t<\/div>\n\t\t\t\t\t\t\t\t\t\t\t<\/div>\n\t\t\t\t\t<\/a>\t\t\t\t\t\n\t\t\t\t\t\t\t\t\t\t<a class=\"plain \" href=\"mailto:asiaunivietnam@fpt.edu.vn\" >\t\t\t\t\t<div id=\"bw-icon-1142607752\" class=\"icon-box featured-box bw-icon-box icon-box-left\"  style=\"align-items:center;\">\n\t\t\t\t\t\t\n<style>\n#bw-icon-1142607752 {\n  margin: 0px 0px 25px 0px;\n}\n#bw-icon-1142607752 > .icon-box-img {\n  margin: 0px 10px 0px 0px;\n}\n#bw-icon-1142607752 > .icon-box-img > .icon {\n  width: 26px;\n}\n<\/style>\n\t\t\t\t\t\t\t<div class=\"icon-box-img\">\n\t\t\t\t\t\t\t\t<div class=\"icon\" >\n\t\t\t\t\t\t\t\t\t<div class=\"icon-inner\" >\n\t\t\t\t\t\t\t\t\t\t<img decoding=\"async\" width=\"1\" height=\"1\" src=\"https:\/\/asia-vn.edu.vn\/wp-content\/uploads\/2025\/09\/sms.svg\" class=\"attachment-medium size-medium\" alt=\"\" \/>\t\t\t\t\t\t\t\t\t<\/div>\n\t\t\t\t\t\t\t\t<\/div>\n\t\t\t\t\t\t\t<\/div>\n\t\t\t\t\t\t\t\t\t\t\t\t<div class=\"icon-box-text last-reset\">\n\t\t\t\t\t\t\t\t\t\t\t\t\t\t\t\t\t\t\t\t\t\n<p>asiaunivietnam@fpt.edu.vn<\/p>\n\t\t\t\t\t\t<\/div>\n\t\t\t\t\t\t\t\t\t\t\t<\/div>\n\t\t\t\t\t<\/a>\t\t\t\t\t\n\t\t\t\t\t\t\t\t\t\t<a class=\"plain \" href=\"tel:+886423323456\" >\t\t\t\t\t<div id=\"bw-icon-225468203\" class=\"icon-box featured-box bw-icon-box icon-box-left\"  style=\"align-items:center;\">\n\t\t\t\t\t\t\n<style>\n#bw-icon-225468203 > .icon-box-img {\n  margin: 0px 10px 0px 0px;\n}\n#bw-icon-225468203 > .icon-box-img > .icon {\n  width: 26px;\n}\n<\/style>\n\t\t\t\t\t\t\t<div class=\"icon-box-img\">\n\t\t\t\t\t\t\t\t<div class=\"icon\" >\n\t\t\t\t\t\t\t\t\t<div class=\"icon-inner\" >\n\t\t\t\t\t\t\t\t\t\t<img decoding=\"async\" width=\"1\" height=\"1\" src=\"https:\/\/asia-vn.edu.vn\/wp-content\/uploads\/2025\/09\/call.svg\" class=\"attachment-medium size-medium\" alt=\"\" \/>\t\t\t\t\t\t\t\t\t<\/div>\n\t\t\t\t\t\t\t\t<\/div>\n\t\t\t\t\t\t\t<\/div>\n\t\t\t\t\t\t\t\t\t\t\t\t<div class=\"icon-box-text last-reset\">\n\t\t\t\t\t\t\t\t\t\t\t\t\t\t\t\t\t\t\t\t\t\n<p>+886 4 2332 3456<\/p>\n\t\t\t\t\t\t<\/div>\n\t\t\t\t\t\t\t\t\t\t\t<\/div>\n\t\t\t\t\t<\/a>\t\t\t\t\t\n\t\t<\/div>\n\t\t\t\t\n<style>\n#col-693443471 > .col-inner {\n  padding: 30px 15px 20px 15px;\n}\n@media (min-width:550px) {\n  #col-693443471 > .col-inner {\n    padding: 30px 40px 20px 40px;\n  }\n}\n@media (min-width:1025px) {\n  #col-693443471 > .col-inner {\n    padding: 0px 0px 0px 20px;\n  }\n}\n<\/style>\n\t<\/div>\n\n\t\n<\/div>\n<div class=\"row row-collapse\"  id=\"row-1711404790\">\n\n\t<div id=\"col-884364145\" class=\"col small-12 large-12\"  >\n\t\t\t\t<div class=\"col-inner\"  >\n\t\t\t\n\t\t\t\n<div class=\"row row-small align-center\"  id=\"row-2046081341\">\n\n\t<div id=\"col-1727616539\" class=\"col no-pb-col small-12 large-12\"  >\n\t\t\t\t<div class=\"col-inner\" style=\"background-color:rgb(255,255,255);\" >\n\t\t\t\n\t\t\t\n\t<div id=\"text-2278855424\" class=\"text bold-text text-balance no-mb-heading\">\n\t\t\n<h2><strong>\u0110\u0103ng k\u00fd t\u01b0 v\u1ea5n<\/strong><\/h2>\n\t\t\n<style>\n#text-2278855424 {\n  text-align: center;\n  color: #0b7c3e;\n}\n#text-2278855424 > * {\n  color: #0b7c3e;\n}\n<\/style>\n\t<\/div>\n\t\n\t\t\t\t    <div>\n\t\t\t\t\t    \n<style>\n#bw-divider-153237176 {\n  max-width: 90px;\n  height: 8px;\n  margin-top: 20px;\n  margin-bottom: 20px;\n  background-color: rgb(0, 157, 74);\n}\n@media (min-width:550px) {\n  #bw-divider-153237176 {\n    margin-top: 30px;\n    margin-bottom: 30px;\n  }\n}\n<\/style>\n<div class=\"text-center\">\t\t\t\t\t    <div id=\"bw-divider-153237176\" class=\"is-divider divider clearfix bw-divider default-divider\"><\/div>\n\t\t\t\t\t    <\/div>\t\t\t\t\t<\/div>\n\t\t\t\t\t    \n\t<div id=\"gap-1157051760\" class=\"gap-element clearfix\" style=\"display:block; height:auto;\">\n\t\t\n<style>\n#gap-1157051760 {\n  padding-top: 40px;\n}\n<\/style>\n\t<\/div>\n\t\n\n<div class=\"wpcf7 no-js\" id=\"wpcf7-f14-o1\" lang=\"en-US\" dir=\"ltr\" data-wpcf7-id=\"14\">\n<div class=\"screen-reader-response\"><p role=\"status\" aria-live=\"polite\" aria-atomic=\"true\"><\/p> <ul><\/ul><\/div>\n<form action=\"\/en\/wp-json\/wp\/v2\/pages\/35842#wpcf7-f14-o1\" method=\"post\" class=\"wpcf7-form init bw-wpcf7-form\" aria-label=\"Contact form\" novalidate=\"novalidate\" data-status=\"init\">\n<fieldset class=\"hidden-fields-container\"><input type=\"hidden\" name=\"_wpcf7\" value=\"14\" \/><input type=\"hidden\" name=\"_wpcf7_version\" value=\"6.1.5\" \/><input type=\"hidden\" name=\"_wpcf7_locale\" value=\"en_US\" \/><input type=\"hidden\" name=\"_wpcf7_unit_tag\" value=\"wpcf7-f14-o1\" \/><input type=\"hidden\" name=\"_wpcf7_container_post\" value=\"0\" \/><input type=\"hidden\" name=\"_wpcf7_posted_data_hash\" value=\"\" \/>\n<\/fieldset>\n<div class=\"wpcf7-turnstile cf-turnstile\" data-sitekey=\"0x4AAAAAAB6SY8qpWxVzYR-T\" data-response-field-name=\"_wpcf7_turnstile_response\"><\/div>\n\n<div class=\"row row-small\">\n\t<div class=\"col medium-4 small-12 large-4\">\n\t\t<div class=\"col-inner\">\n\t\t\t<p><label for=\"your-name\">H\u1ecd v\u00e0 t\u00ean *<\/label><br \/>\n<span class=\"wpcf7-form-control-wrap\" data-name=\"your-name\"><input size=\"40\" maxlength=\"400\" class=\"wpcf7-form-control wpcf7-text wpcf7-validates-as-required\" id=\"your-name\" aria-required=\"true\" aria-invalid=\"false\" placeholder=\"H\u1ecd v\u00e0 t\u00ean*\" value=\"\" type=\"text\" name=\"your-name\" \/><\/span>\n\t\t\t<\/p>\n\t\t<\/div>\n\t<\/div>\n\t<div class=\"col medium-4 small-6 large-4\">\n\t\t<div class=\"col-inner\">\n\t\t\t<p><label for=\"your-phone\">S\u1ed1 \u0111i\u1ec7n tho\u1ea1i *<\/label><br \/>\n<span class=\"wpcf7-form-control-wrap\" data-name=\"your-phone\"><input size=\"40\" maxlength=\"400\" class=\"wpcf7-form-control wpcf7-text wpcf7-validates-as-required\" id=\"your-phone\" aria-required=\"true\" aria-invalid=\"false\" placeholder=\"S\u1ed1 \u0111i\u1ec7n tho\u1ea1i *\" value=\"\" type=\"text\" name=\"your-phone\" \/><\/span>\n\t\t\t<\/p>\n\t\t<\/div>\n\t<\/div>\n\t<div class=\"col medium-4 small-6 large-4\">\n\t\t<div class=\"col-inner\">\n\t\t\t<p><label for=\"your-email\">\u0110\u1ecba ch\u1ec9 email *<\/label><br \/>\n<span class=\"wpcf7-form-control-wrap\" data-name=\"your-email\"><input size=\"40\" maxlength=\"400\" class=\"wpcf7-form-control wpcf7-email wpcf7-validates-as-required wpcf7-text wpcf7-validates-as-email\" id=\"your-email\" aria-required=\"true\" aria-invalid=\"false\" placeholder=\"Email *\" value=\"\" type=\"email\" name=\"your-email\" \/><\/span>\n\t\t\t<\/p>\n\t\t<\/div>\n\t<\/div>\n\t<div class=\"col medium-6 small-12 large-6\">\n\t\t<div class=\"col-inner\">\n\t\t\t<p><label for=\"your-major\">Ng\u00e0nh h\u1ecdc<\/label><br \/>\n<span class=\"wpcf7-form-control-wrap\" data-name=\"your-major\"><select class=\"wpcf7-form-control wpcf7-select\" id=\"your-major\" aria-invalid=\"false\" name=\"your-major\"><option value=\"\">- Ng\u00e0nh h\u1ecdc quan t\u00e2m -<\/option><option value=\"C\u00f4ng ngh\u1ec7 b\u00e1n d\u1eabn\">C\u00f4ng ngh\u1ec7 b\u00e1n d\u1eabn<\/option><option value=\"Qu\u1ea3n tr\u1ecb kinh doanh\">Qu\u1ea3n tr\u1ecb kinh doanh<\/option><option value=\"T\u00e0i ch\u00ednh\">T\u00e0i ch\u00ednh<\/option><option value=\"Tr\u00ed tu\u1ec7 nh\u00e2n t\u1ea1o (AI)\">Tr\u00ed tu\u1ec7 nh\u00e2n t\u1ea1o (AI)<\/option><\/select><\/span>\n\t\t\t<\/p>\n\t\t<\/div>\n\t<\/div>\n\t<div class=\"col medium-6 small-12 large-6\">\n\t\t<div class=\"col-inner\">\n\t\t\t<p><label for=\"your-campus\">C\u01a1 s\u1edf<\/label><br \/>\n<span class=\"wpcf7-form-control-wrap\" data-name=\"your-campus\"><select class=\"wpcf7-form-control wpcf7-select\" id=\"your-campus\" aria-invalid=\"false\" name=\"your-campus\"><option value=\"\">- C\u01a1 s\u1edf mu\u1ed1n h\u1ecdc -<\/option><option value=\"H\u00e0 N\u1ed9i\">H\u00e0 N\u1ed9i<\/option><option value=\"TP. H\u1ed3 Ch\u00ed Minh\">TP. H\u1ed3 Ch\u00ed Minh<\/option><\/select><\/span>\n\t\t\t<\/p>\n\t\t<\/div>\n\t<\/div>\n\t<div class=\"col medium-12 small-12 large-12\">\n\t\t<div class=\"col-inner\">\n\t\t\t<p><label for=\"your-message\">Nh\u1eadp n\u1ed9i dung<\/label><br \/>\n<span class=\"wpcf7-form-control-wrap\" data-name=\"your-message\"><textarea cols=\"40\" rows=\"3\" maxlength=\"2000\" class=\"wpcf7-form-control wpcf7-textarea\" id=\"your-message\" aria-invalid=\"false\" placeholder=\"Y\u00eau c\u1ea7u ho\u1eb7c c\u00e1c c\u00e2u h\u1ecfi kh\u00e1c\" name=\"your-message\"><\/textarea><\/span>\n\t\t\t<\/p>\n\t\t<\/div>\n\t<\/div>\n\t<div class=\"col medium-12 small-12 large-12 text-center no-pb-col\">\n\t\t<div class=\"col-inner\">\n\t\t\t<p><button type=\"submit\" class=\"wpcf7-form-control wpcf7-submit button primary\" style=\"border-radius: 30px\"><span>\u0110\u0103ng K\u00fd<\/span><i class=\"icon-angle-right\" aria-hidden=\"true\"><\/i><\/button>\n\t\t\t<\/p>\n\t\t<\/div>\n\t<\/div>\n<\/div><div class=\"wpcf7-response-output\" aria-hidden=\"true\"><\/div>\n<\/form>\n<\/div>\n\n\t\t<\/div>\n\t\t\t\t\n<style>\n#col-1727616539 > .col-inner {\n  padding: 40px 15px 40px 15px;\n}\n@media (min-width:550px) {\n  #col-1727616539 > .col-inner {\n    padding: 40px 50px 40px 50px;\n  }\n}\n<\/style>\n\t<\/div>\n\n\t\n<\/div>\n\t\t<\/div>\n\t\t\t\t\n<style>\n#col-884364145 > .col-inner {\n  padding: 20px 15px 40px 15px;\n}\n@media (min-width:550px) {\n  #col-884364145 > .col-inner {\n    padding: 40px 0px 40px 0px;\n  }\n}\n<\/style>\n\t<\/div>\n\n\t\n<\/div>\n\t\t<\/div>\n\n\t\t\n<style>\n#section_680791329 {\n  padding-top: 0px;\n  padding-bottom: 0px;\n  background-color: rgb(245, 245, 245);\n}\n<\/style>\n\t<\/section>\n\t\n","protected":false},"excerpt":{"rendered":"","protected":false},"author":2,"featured_media":0,"parent":0,"menu_order":0,"comment_status":"closed","ping_status":"closed","template":"page-blank.php","meta":{"footnotes":""},"class_list":["post-35842","page","type-page","status-publish","hentry"],"_links":{"self":[{"href":"https:\/\/asia-vn.edu.vn\/en\/wp-json\/wp\/v2\/pages\/35842","targetHints":{"allow":["GET"]}}],"collection":[{"href":"https:\/\/asia-vn.edu.vn\/en\/wp-json\/wp\/v2\/pages"}],"about":[{"href":"https:\/\/asia-vn.edu.vn\/en\/wp-json\/wp\/v2\/types\/page"}],"author":[{"embeddable":true,"href":"https:\/\/asia-vn.edu.vn\/en\/wp-json\/wp\/v2\/users\/2"}],"replies":[{"embeddable":true,"href":"https:\/\/asia-vn.edu.vn\/en\/wp-json\/wp\/v2\/comments?post=35842"}],"version-history":[{"count":0,"href":"https:\/\/asia-vn.edu.vn\/en\/wp-json\/wp\/v2\/pages\/35842\/revisions"}],"wp:attachment":[{"href":"https:\/\/asia-vn.edu.vn\/en\/wp-json\/wp\/v2\/media?parent=35842"}],"curies":[{"name":"wp","href":"https:\/\/api.w.org\/{rel}","templated":true}]}}