{"id":35976,"date":"2025-09-24T14:53:09","date_gmt":"2025-09-24T07:53:09","guid":{"rendered":"https:\/\/new.asia-vn.edu.vn\/?page_id=35976"},"modified":"2025-10-23T15:54:59","modified_gmt":"2025-10-23T08:54:59","slug":"tuyen-bo-ve-cookie","status":"publish","type":"page","link":"https:\/\/asia-vn.edu.vn\/en\/tuyen-bo-ve-cookie\/","title":{"rendered":"Tuy\u00ean b\u1ed1 v\u1ec1 Cookie"},"content":{"rendered":"\n\t<section class=\"section\" id=\"section_1511469608\">\n\t\t<div class=\"section-bg fill\" >\n\t\t\t\t\t\t\t\t\t\n\t\t\t\n\n\t\t<\/div>\n\n\t\t\n\n\t\t<div class=\"section-content relative\">\n\t\t\t\n<div class=\"row row-collapse align-center\"  id=\"row-610203042\">\n\n\t<div id=\"col-502764984\" class=\"col medium-10 small-12 large-10\"  >\n\t\t\t\t<div class=\"col-inner\"  >\n\t\t\t\n\t\t\t\n\n\t\t\t\t\t<div class=\"bw-container no-overflow relative\" id=\"section_168355457\">\n\t\t\t\t\t\t<div class=\"section-bg fill\" >\n\t\t\t\t\t\t\t\t\t\t\t\t\t\t\t\t\t\t\t\t\t\n\t\t\t\t\t\t\t\n\n\t\t\t\t\t\t<\/div>\n\n\t\t\t\t\t\t\n\n\t\t\t\t\t\t<div class=\"section-content relative\">\n\t\t\t\t\t\t\t\n\t<div id=\"text-1475600194\" class=\"text bold-text text-balance no-mb-heading\">\n\t\t\n<h1><strong>Tuy\u00ean b\u1ed1 v\u1ec1 Cookie<\/strong><\/h1>\n\t\t\n<style>\n#text-1475600194 {\n  font-size: 0.9rem;\n  text-align: center;\n  color: #0b7c3e;\n}\n#text-1475600194 > * {\n  color: #0b7c3e;\n}\n<\/style>\n\t<\/div>\n\t\n\t\t\t\t    <div>\n\t\t\t\t\t    \n<style>\n#bw-divider-1949309031 {\n  max-width: 90px;\n  height: 8px;\n  margin-top: 20px;\n  margin-bottom: 20px;\n  background-color: rgb(0, 157, 74);\n}\n@media (min-width:550px) {\n  #bw-divider-1949309031 {\n    margin-top: 30px;\n    margin-bottom: 30px;\n  }\n}\n<\/style>\n<div class=\"text-center\">\t\t\t\t\t    <div id=\"bw-divider-1949309031\" class=\"is-divider divider clearfix bw-divider default-divider\"><\/div>\n\t\t\t\t\t    <\/div>\t\t\t\t\t<\/div>\n\t\t\t\t\t    \n<p style=\"text-align: justify;\">T\u1ea1i Asia University Vietnam, ch\u00fang t\u00f4i cam k\u1ebft mang \u0111\u1ebfn cho b\u1ea1n m\u1ed9t tr\u1ea3i nghi\u1ec7m tr\u1ef1c tuy\u1ebfn li\u1ec1n m\u1ea1ch, h\u1eefu \u00edch v\u00e0 ph\u00f9 h\u1ee3p nh\u1ea5t. \u0110\u1ec3 th\u1ef1c hi\u1ec7n cam k\u1ebft n\u00e0y, website c\u1ee7a ch\u00fang t\u00f4i s\u1eed d\u1ee5ng c\u00f4ng ngh\u1ec7 cookie. Ch\u00ednh s\u00e1ch n\u00e0y s\u1ebd gi\u1ea3i th\u00edch r\u00f5 r\u00e0ng v\u1ec1 cookie v\u00e0 c\u00e1ch ch\u00fang t\u00f4i s\u1eed d\u1ee5ng \u0111\u1ec3 ph\u1ee5c v\u1ee5 b\u1ea1n t\u1ed1t h\u01a1n.<\/p>\n<h2 style=\"text-align: justify;\">1. Hi\u1ec3u v\u1ec1 Cookie<\/h2>\n<p style=\"text-align: justify;\">Cookie l\u00e0 nh\u1eefng t\u1ec7p d\u1eef li\u1ec7u nh\u1ecf \u0111\u01b0\u1ee3c tr\u00ecnh duy\u1ec7t l\u01b0u tr\u1eef tr\u00ean m\u00e1y t\u00ednh ho\u1eb7c thi\u1ebft b\u1ecb di \u0111\u1ed9ng c\u1ee7a b\u1ea1n khi b\u1ea1n truy c\u1eadp website. H\u00e3y h\u00ecnh dung cookie nh\u01b0 m\u1ed9t b\u1ed9 nh\u1edb t\u1ea1m th\u1eddi, gi\u00fap website nh\u1eadn di\u1ec7n b\u1ea1n trong nh\u1eefng l\u1ea7n truy c\u1eadp sau.<\/p>\n<p style=\"text-align: justify;\">Th\u00f4ng tin n\u00e0y th\u01b0\u1eddng \u0111\u01b0\u1ee3c chia s\u1ebb gi\u1eefa thi\u1ebft b\u1ecb c\u1ee7a b\u1ea1n, ch\u00fang t\u00f4i, v\u00e0 c\u00e1c \u0111\u1ed1i t\u00e1c c\u00f4ng ngh\u1ec7 \u0111\u00e1ng tin c\u1eady. M\u1ee5c \u0111\u00edch ch\u00ednh c\u1ee7a ch\u00fang l\u00e0 gi\u00fap website v\u1eadn h\u00e0nh hi\u1ec7u qu\u1ea3 v\u00e0 kh\u00f4ng ng\u1eebng c\u1ea3i thi\u1ec7n \u0111\u1ec3 \u0111\u00e1p \u1ee9ng nhu c\u1ea7u c\u1ee7a b\u1ea1n, ch\u1eb3ng h\u1ea1n nh\u01b0:<\/p>\n<ul>\n<li style=\"text-align: justify;\">L\u01b0u l\u1ea1i c\u00e1c thi\u1ebft l\u1eadp v\u00e0 t\u00f9y ch\u1ecdn c\u00e1 nh\u00e2n c\u1ee7a b\u1ea1n.<\/li>\n<li style=\"text-align: justify;\">T\u1ed1i \u01b0u h\u00f3a t\u1ed1c \u0111\u1ed9 v\u00e0 s\u1ef1 thu\u1eadn ti\u1ec7n khi \u0111i\u1ec1u h\u01b0\u1edbng trang.<\/li>\n<li style=\"text-align: justify;\">Hi\u1ec3n th\u1ecb c\u00e1c n\u1ed9i dung qu\u1ea3ng c\u00e1o ph\u00f9 h\u1ee3p v\u1edbi s\u1ef1 quan t\u00e2m c\u1ee7a b\u1ea1n.<\/li>\n<\/ul>\n<h2 style=\"text-align: justify;\">2. C\u00e1ch ch\u00fang t\u00f4i t\u1eadn d\u1ee5ng Cookie<\/h2>\n<p style=\"text-align: justify;\">\u0110\u1ec3 t\u1ed1i \u01b0u h\u00f3a tr\u1ea3i nghi\u1ec7m c\u1ee7a b\u1ea1n, ch\u00fang t\u00f4i ph\u00e2n lo\u1ea1i cookie th\u00e0nh c\u00e1c nh\u00f3m ch\u1ee9c n\u0103ng sau:<\/p>\n<ul>\n<li style=\"text-align: justify;\">Cookie thi\u1ebft y\u1ebfu (Essential Cookies): \u0110\u00e2y l\u00e0 nh\u1eefng cookie kh\u00f4ng th\u1ec3 thi\u1ebfu, \u0111\u00f3ng vai tr\u00f2 n\u1ec1n t\u1ea3ng cho s\u1ef1 v\u1eadn h\u00e0nh c\u1ee7a website. Ch\u00fang x\u1eed l\u00fd c\u00e1c t\u00e1c v\u1ee5 c\u1ed1t l\u00f5i nh\u01b0 cho ph\u00e9p b\u1ea1n \u0111\u0103ng nh\u1eadp, hi\u1ec3n th\u1ecb \u0111\u00fang c\u00e1c th\u00e0nh ph\u1ea7n c\u1ee7a trang, v\u00e0 \u0111\u1ea3m b\u1ea3o an ninh. N\u1ebfu kh\u00f4ng c\u00f3 c\u00e1c cookie n\u00e0y, website kh\u00f4ng th\u1ec3 ho\u1ea1t \u0111\u1ed9ng m\u1ed9t c\u00e1ch tr\u1ecdn v\u1eb9n<\/li>\n<li style=\"text-align: justify;\">Cookie hi\u1ec7u n\u0103ng &amp; Ph\u00e2n t\u00edch (Performance &amp; Analytics Cookies): Ch\u00fang t\u00f4i s\u1eed d\u1ee5ng c\u00e1c cookie n\u00e0y \u0111\u1ec3 thu th\u1eadp d\u1eef li\u1ec7u th\u1ed1ng k\u00ea \u1ea9n danh, gi\u00fap ch\u00fang t\u00f4i th\u1ea5u hi\u1ec3u c\u00e1ch b\u1ea1n v\u00e0 nh\u1eefng ng\u01b0\u1eddi d\u00f9ng kh\u00e1c t\u01b0\u01a1ng t\u00e1c v\u1edbi website. Th\u00f4ng tin thu \u0111\u01b0\u1ee3c \u2013 v\u00ed d\u1ee5 nh\u01b0 s\u1ed1 l\u01b0\u1ee3ng l\u01b0\u1ee3t truy c\u1eadp, th\u1eddi gian b\u1ea1n \u1edf l\u1ea1i trang, hay c\u00e1c trang \u0111\u01b0\u1ee3c xem nhi\u1ec1u nh\u1ea5t \u2013 l\u00e0 t\u00e0i s\u1ea3n qu\u00fd gi\u00e1 \u0111\u1ec3 ch\u00fang t\u00f4i \u0111o l\u01b0\u1eddng v\u00e0 kh\u00f4ng ng\u1eebng t\u1ed1i \u01b0u h\u00f3a hi\u1ec7u su\u1ea5t, mang l\u1ea1i m\u1ed9t s\u1ea3n ph\u1ea9m ng\u00e0y c\u00e0ng ho\u00e0n thi\u1ec7n.<\/li>\n<li style=\"text-align: justify;\">Cookie ch\u1ee9c n\u0103ng (Functionality Cookies): C\u00e1c cookie n\u00e0y \u0111\u01b0\u1ee3c thi\u1ebft l\u1eadp \u0111\u1ec3 n\u00e2ng cao ti\u1ec7n \u00edch v\u00e0 c\u00e1 nh\u00e2n h\u00f3a tr\u1ea3i nghi\u1ec7m c\u1ee7a b\u1ea1n. Ch\u00fang gi\u00fap ghi nh\u1edb nh\u1eefng l\u1ef1a ch\u1ecdn b\u1ea1n \u0111\u00e3 th\u1ef1c hi\u1ec7n (v\u00ed d\u1ee5: ng\u00f4n ng\u1eef, khu v\u1ef1c) ho\u1eb7c k\u00edch ho\u1ea1t c\u00e1c t\u00ednh n\u0103ng n\u00e2ng cao nh\u01b0 tr\u00f2 chuy\u1ec7n tr\u1ef1c tuy\u1ebfn, t\u1ef1 \u0111\u1ed9ng \u0111i\u1ec1n th\u00f4ng tin v\u00e0o bi\u1ec3u m\u1eabu, gi\u00fap b\u1ea1n ti\u1ebft ki\u1ec7m th\u1eddi gian v\u00e0 c\u00f4ng s\u1ee9c.<\/li>\n<li style=\"text-align: justify;\">Cookie ti\u1ebfp th\u1ecb &amp; Qu\u1ea3ng c\u00e1o (Marketing &amp; Advertising Cookies): Ch\u00fang t\u00f4i c\u00f3 th\u1ec3 chia s\u1ebb m\u1ed9t s\u1ed1 d\u1eef li\u1ec7u nh\u1ea5t \u0111\u1ecbnh v\u1edbi c\u00e1c \u0111\u1ed1i t\u00e1c qu\u1ea3ng c\u00e1o \u0111\u1ec3 gi\u1edbi thi\u1ec7u \u0111\u1ebfn b\u1ea1n nh\u1eefng th\u00f4ng \u0111i\u1ec7p, s\u1ea3n ph\u1ea9m v\u00e0 d\u1ecbch v\u1ee5 ph\u00f9 h\u1ee3p nh\u1ea5t t\u1eeb Asia University Vietnam. B\u00ean c\u1ea1nh \u0111\u00f3, ch\u00fang c\u0169ng cho ph\u00e9p c\u00e1c \u0111\u1ed1i t\u00e1c \u0111\u1eb7t cookie c\u1ee7a h\u1ecd tr\u00ean website c\u1ee7a ch\u00fang t\u00f4i \u0111\u1ec3 \u0111o l\u01b0\u1eddng hi\u1ec7u qu\u1ea3 c\u1ee7a c\u00e1c chi\u1ebfn d\u1ecbch qu\u1ea3ng c\u00e1o v\u00e0 \u0111\u1ea3m b\u1ea3o b\u1ea1n kh\u00f4ng nh\u00ecn th\u1ea5y c\u00f9ng m\u1ed9t qu\u1ea3ng c\u00e1o l\u1eb7p \u0111i l\u1eb7p l\u1ea1i qu\u00e1 nhi\u1ec1u l\u1ea7n.<\/li>\n<\/ul>\n<h2 style=\"text-align: justify;\">3. Quy\u1ec1n ki\u1ec3m so\u00e1t ho\u00e0n to\u00e0n thu\u1ed9c v\u1ec1 b\u1ea1n<\/h2>\n<p style=\"text-align: justify;\">Ch\u00fang t\u00f4i t\u00f4n tr\u1ecdng quy\u1ec1n ri\u00eang t\u01b0 v\u00e0 trao cho b\u1ea1n to\u00e0n quy\u1ec1n ki\u1ec3m so\u00e1t vi\u1ec7c s\u1eed d\u1ee5ng cookie. Ngo\u1ea1i tr\u1eeb c\u00e1c \u201cCookie thi\u1ebft y\u1ebfu\u201d, b\u1ea1n c\u00f3 th\u1ec3 ch\u1ea5p nh\u1eadn ho\u1eb7c t\u1eeb ch\u1ed1i c\u00e1c lo\u1ea1i cookie kh\u00e1c b\u1ea5t k\u1ef3 l\u00fac n\u00e0o th\u00f4ng qua b\u1ea3ng \u0111i\u1ec1u khi\u1ec3n c\u00e0i \u0111\u1eb7t c\u1ee7a ch\u00fang t\u00f4i. L\u1ef1a ch\u1ecdn c\u1ee7a b\u1ea1n s\u1ebd \u0111\u01b0\u1ee3c ghi nh\u1edb cho nh\u1eefng l\u1ea7n truy c\u1eadp trong t\u01b0\u01a1ng lai.<\/p>\n\t\t\t\t\t\t<\/div>\n\n\t\t\t\t\t\t\n<style>\n#section_168355457 {\n  padding: 15px 15px 10px 15px;\n  background-color: rgb(255,255,255);\n}\n@media (min-width:550px) {\n  #section_168355457 {\n    padding: 30px 30px 20px 30px;\n  }\n}\n<\/style>\n\t\t\t\t\t<\/div>\n\t\t\t\t\t\n\t\t<\/div>\n\t\t\t\t\n<style>\n#col-502764984 > .col-inner {\n  padding: 0px 15px 0px 15px;\n  margin: 40px 0px 40px 0px;\n}\n@media (min-width:550px) {\n  #col-502764984 > .col-inner {\n    padding: 0px 0px 0px 0px;\n  }\n}\n@media (min-width:1025px) {\n  #col-502764984 > .col-inner {\n    margin: 50px 0px 50px 0px;\n  }\n}\n<\/style>\n\t<\/div>\n\n\t\n<\/div>\n\t\t<\/div>\n\n\t\t\n<style>\n#section_1511469608 {\n  padding-top: 0px;\n  padding-bottom: 0px;\n  background-color: rgb(246, 246, 246);\n}\n<\/style>\n\t<\/section>\n\t\n","protected":false},"excerpt":{"rendered":"","protected":false},"author":2,"featured_media":36635,"parent":0,"menu_order":0,"comment_status":"closed","ping_status":"closed","template":"page-blank.php","meta":{"footnotes":""},"class_list":["post-35976","page","type-page","status-publish","has-post-thumbnail","hentry"],"_links":{"self":[{"href":"https:\/\/asia-vn.edu.vn\/en\/wp-json\/wp\/v2\/pages\/35976","targetHints":{"allow":["GET"]}}],"collection":[{"href":"https:\/\/asia-vn.edu.vn\/en\/wp-json\/wp\/v2\/pages"}],"about":[{"href":"https:\/\/asia-vn.edu.vn\/en\/wp-json\/wp\/v2\/types\/page"}],"author":[{"embeddable":true,"href":"https:\/\/asia-vn.edu.vn\/en\/wp-json\/wp\/v2\/users\/2"}],"replies":[{"embeddable":true,"href":"https:\/\/asia-vn.edu.vn\/en\/wp-json\/wp\/v2\/comments?post=35976"}],"version-history":[{"count":0,"href":"https:\/\/asia-vn.edu.vn\/en\/wp-json\/wp\/v2\/pages\/35976\/revisions"}],"wp:featuredmedia":[{"embeddable":true,"href":"https:\/\/asia-vn.edu.vn\/en\/wp-json\/wp\/v2\/media\/36635"}],"wp:attachment":[{"href":"https:\/\/asia-vn.edu.vn\/en\/wp-json\/wp\/v2\/media?parent=35976"}],"curies":[{"name":"wp","href":"https:\/\/api.w.org\/{rel}","templated":true}]}}