{"id":35977,"date":"2025-09-24T14:53:17","date_gmt":"2025-09-24T07:53:17","guid":{"rendered":"https:\/\/new.asia-vn.edu.vn\/?page_id=35977"},"modified":"2025-10-23T18:08:18","modified_gmt":"2025-10-23T11:08:18","slug":"thong-bao-ve-quyen-rieng-tu","status":"publish","type":"page","link":"https:\/\/asia-vn.edu.vn\/en\/thong-bao-ve-quyen-rieng-tu\/","title":{"rendered":"Th\u00f4ng b\u00e1o v\u1ec1 quy\u1ec1n ri\u00eang t\u01b0"},"content":{"rendered":"\n\t<section class=\"section\" id=\"section_1102148658\">\n\t\t<div class=\"section-bg fill\" >\n\t\t\t\t\t\t\t\t\t\n\t\t\t\n\n\t\t<\/div>\n\n\t\t\n\n\t\t<div class=\"section-content relative\">\n\t\t\t\n<div class=\"row row-collapse align-center\"  id=\"row-11793314\">\n\n\t<div id=\"col-1487751969\" class=\"col medium-10 small-12 large-10\"  >\n\t\t\t\t<div class=\"col-inner\"  >\n\t\t\t\n\t\t\t\n\n\t\t\t\t\t<div class=\"bw-container no-overflow relative\" id=\"section_1786410565\">\n\t\t\t\t\t\t<div class=\"section-bg fill\" >\n\t\t\t\t\t\t\t\t\t\t\t\t\t\t\t\t\t\t\t\t\t\n\t\t\t\t\t\t\t\n\n\t\t\t\t\t\t<\/div>\n\n\t\t\t\t\t\t\n\n\t\t\t\t\t\t<div class=\"section-content relative\">\n\t\t\t\t\t\t\t\n\t<div id=\"text-261612775\" class=\"text bold-text text-balance no-mb-heading\">\n\t\t\n<h1><strong>Th\u00f4ng b\u00e1o v\u1ec1 quy\u1ec1n ri\u00eang t\u01b0<\/strong><\/h1>\n\t\t\n<style>\n#text-261612775 {\n  font-size: 0.9rem;\n  text-align: center;\n  color: #0b7c3e;\n}\n#text-261612775 > * {\n  color: #0b7c3e;\n}\n<\/style>\n\t<\/div>\n\t\n\t\t\t\t    <div>\n\t\t\t\t\t    \n<style>\n#bw-divider-557901429 {\n  max-width: 90px;\n  height: 8px;\n  margin-top: 20px;\n  margin-bottom: 20px;\n  background-color: rgb(0, 157, 74);\n}\n@media (min-width:550px) {\n  #bw-divider-557901429 {\n    margin-top: 30px;\n    margin-bottom: 30px;\n  }\n}\n<\/style>\n<div class=\"text-center\">\t\t\t\t\t    <div id=\"bw-divider-557901429\" class=\"is-divider divider clearfix bw-divider default-divider\"><\/div>\n\t\t\t\t\t    <\/div>\t\t\t\t\t<\/div>\n\t\t\t\t\t    \n<p style=\"text-align: justify;\">D\u1eef li\u1ec7u c\u00e1 nh\u00e2n c\u1ee7a Anh\/Ch\u1ecb \u0111\u01b0\u1ee3c thu th\u1eadp tr\u00ean trang n\u00e0y, \u0111\u01b0\u1ee3c x\u1eed l\u00fd v\u00e0 l\u01b0u tr\u1eef b\u1edfi Ch\u01b0\u01a1ng tr\u00ecnh c\u1eed nh\u00e2n li\u00ean k\u1ebft qu\u1ed1c t\u1ebf Asia University Vietnam thu\u1ed9c Tr\u01b0\u1eddng \u0110\u1ea1i h\u1ecdc FPT (\u0111\u01a1n v\u1ecb th\u00e0nh vi\u00ean c\u1ee7a C\u00f4ng ty TNHH Gi\u00e1o d\u1ee5c FPT hay c\u00f2n g\u1ecdi l\u00e0 T\u1ed5 ch\u1ee9c gi\u00e1o d\u1ee5c FPT) cho m\u1ee5c \u0111\u00edch v\u00e0 theo \u0111i\u1ec1u ki\u1ec7n \u0111\u00e3 \u0111\u01b0\u1ee3c c\u00f4ng b\u1ed1 t\u1ea1i Quy \u0111\u1ecbnh b\u1ea3o v\u1ec7 d\u1eef li\u1ec7u c\u00e1 nh\u00e2n c\u1ee7a T\u1ed5 ch\u1ee9c gi\u00e1o d\u1ee5c FPT \u201c<a class=\"broken_link\" href=\"https:\/\/fpt.edu.vn\/thu-vien-anh\/11140\" target=\"_blank\" rel=\"noopener nofollow\"><strong>T\u1ea1i \u0111\u00e2y<\/strong><\/a>\u201c<\/p>\n\t\t\t\t\t\t<\/div>\n\n\t\t\t\t\t\t\n<style>\n#section_1786410565 {\n  padding: 15px 15px 10px 15px;\n  background-color: rgb(255,255,255);\n}\n@media (min-width:550px) {\n  #section_1786410565 {\n    padding: 30px 30px 20px 30px;\n  }\n}\n<\/style>\n\t\t\t\t\t<\/div>\n\t\t\t\t\t\n\t\t<\/div>\n\t\t\t\t\n<style>\n#col-1487751969 > .col-inner {\n  padding: 0px 15px 0px 15px;\n  margin: 40px 0px 40px 0px;\n}\n@media (min-width:550px) {\n  #col-1487751969 > .col-inner {\n    padding: 0px 0px 0px 0px;\n  }\n}\n@media (min-width:1025px) {\n  #col-1487751969 > .col-inner {\n    margin: 50px 0px 50px 0px;\n  }\n}\n<\/style>\n\t<\/div>\n\n\t\n<\/div>\n\t\t<\/div>\n\n\t\t\n<style>\n#section_1102148658 {\n  padding-top: 0px;\n  padding-bottom: 0px;\n  background-color: rgb(246, 246, 246);\n}\n<\/style>\n\t<\/section>\n\t\n","protected":false},"excerpt":{"rendered":"","protected":false},"author":2,"featured_media":0,"parent":0,"menu_order":0,"comment_status":"closed","ping_status":"closed","template":"page-blank.php","meta":{"footnotes":""},"class_list":["post-35977","page","type-page","status-publish","hentry"],"_links":{"self":[{"href":"https:\/\/asia-vn.edu.vn\/en\/wp-json\/wp\/v2\/pages\/35977","targetHints":{"allow":["GET"]}}],"collection":[{"href":"https:\/\/asia-vn.edu.vn\/en\/wp-json\/wp\/v2\/pages"}],"about":[{"href":"https:\/\/asia-vn.edu.vn\/en\/wp-json\/wp\/v2\/types\/page"}],"author":[{"embeddable":true,"href":"https:\/\/asia-vn.edu.vn\/en\/wp-json\/wp\/v2\/users\/2"}],"replies":[{"embeddable":true,"href":"https:\/\/asia-vn.edu.vn\/en\/wp-json\/wp\/v2\/comments?post=35977"}],"version-history":[{"count":0,"href":"https:\/\/asia-vn.edu.vn\/en\/wp-json\/wp\/v2\/pages\/35977\/revisions"}],"wp:attachment":[{"href":"https:\/\/asia-vn.edu.vn\/en\/wp-json\/wp\/v2\/media?parent=35977"}],"curies":[{"name":"wp","href":"https:\/\/api.w.org\/{rel}","templated":true}]}}