{"id":35978,"date":"2025-09-24T14:53:25","date_gmt":"2025-09-24T07:53:25","guid":{"rendered":"https:\/\/new.asia-vn.edu.vn\/?page_id=35978"},"modified":"2025-10-23T16:15:14","modified_gmt":"2025-10-23T09:15:14","slug":"chinh-sach-bao-mat-thong-tin","status":"publish","type":"page","link":"https:\/\/asia-vn.edu.vn\/en\/chinh-sach-bao-mat-thong-tin\/","title":{"rendered":"Ch\u00ednh s\u00e1ch b\u1ea3o m\u1eadt th\u00f4ng tin"},"content":{"rendered":"\n\t<section class=\"section\" id=\"section_1128225638\">\n\t\t<div class=\"section-bg fill\" >\n\t\t\t\t\t\t\t\t\t\n\t\t\t\n\n\t\t<\/div>\n\n\t\t\n\n\t\t<div class=\"section-content relative\">\n\t\t\t\n<div class=\"row row-collapse align-center\"  id=\"row-128221424\">\n\n\t<div id=\"col-1614801536\" class=\"col medium-10 small-12 large-10\"  >\n\t\t\t\t<div class=\"col-inner\"  >\n\t\t\t\n\t\t\t\n\n\t\t\t\t\t<div class=\"bw-container no-overflow relative\" id=\"section_2122258598\">\n\t\t\t\t\t\t<div class=\"section-bg fill\" >\n\t\t\t\t\t\t\t\t\t\t\t\t\t\t\t\t\t\t\t\t\t\n\t\t\t\t\t\t\t\n\n\t\t\t\t\t\t<\/div>\n\n\t\t\t\t\t\t\n\n\t\t\t\t\t\t<div class=\"section-content relative\">\n\t\t\t\t\t\t\t\n\t<div id=\"text-2519514851\" class=\"text bold-text text-balance no-mb-heading\">\n\t\t\n<h1><strong>Ch\u00ednh s\u00e1ch b\u1ea3o m\u1eadt th\u00f4ng tin<\/strong><\/h1>\n\t\t\n<style>\n#text-2519514851 {\n  font-size: 0.9rem;\n  text-align: center;\n  color: #0b7c3e;\n}\n#text-2519514851 > * {\n  color: #0b7c3e;\n}\n<\/style>\n\t<\/div>\n\t\n\t\t\t\t    <div>\n\t\t\t\t\t    \n<style>\n#bw-divider-2123499190 {\n  max-width: 90px;\n  height: 8px;\n  margin-top: 20px;\n  margin-bottom: 20px;\n  background-color: rgb(0, 157, 74);\n}\n@media (min-width:550px) {\n  #bw-divider-2123499190 {\n    margin-top: 30px;\n    margin-bottom: 30px;\n  }\n}\n<\/style>\n<div class=\"text-center\">\t\t\t\t\t    <div id=\"bw-divider-2123499190\" class=\"is-divider divider clearfix bw-divider default-divider\"><\/div>\n\t\t\t\t\t    <\/div>\t\t\t\t\t<\/div>\n\t\t\t\t\t    \n<h2 style=\"text-align: justify;\">L\u1eddi n\u00f3i \u0111\u1ea7u<\/h2>\n<p style=\"text-align: justify;\">Theo ch\u00ednh s\u00e1ch b\u1ea3o m\u1eadt th\u00f4ng tin t\u1ea1i Asia University Vietnam, ch\u00fang t\u00f4i nh\u1eadn th\u1ee9c s\u00e2u s\u1eafc r\u1eb1ng quy\u1ec1n ri\u00eang t\u01b0 v\u00e0 b\u1ea3o m\u1eadt d\u1eef li\u1ec7u c\u00e1 nh\u00e2n l\u00e0 n\u1ec1n t\u1ea3ng c\u1ee7a s\u1ef1 tin c\u1eady. Ch\u00fang t\u00f4i cam k\u1ebft b\u1ea3o v\u1ec7 th\u00f4ng tin m\u00e0 b\u1ea1n \u0111\u00e3 tin t\u01b0\u1edfng chia s\u1ebb v\u1edbi s\u1ef1 c\u1ea9n tr\u1ecdng v\u00e0 tr\u00e1ch nhi\u1ec7m cao nh\u1ea5t.<\/p>\n<p style=\"text-align: justify;\">Ch\u00ednh s\u00e1ch n\u00e0y l\u00e0m r\u00f5 c\u00e1ch th\u1ee9c Asia University Vietnam thu th\u1eadp, s\u1eed d\u1ee5ng v\u00e0 b\u1ea3o v\u1ec7 th\u00f4ng tin c\u00e1 nh\u00e2n c\u1ee7a ng\u01b0\u1eddi d\u00f9ng. Vi\u1ec7c b\u1ea1n s\u1eed d\u1ee5ng c\u00e1c d\u1ecbch v\u1ee5 c\u1ee7a ch\u00fang t\u00f4i \u0111\u1ed3ng ngh\u0129a v\u1edbi vi\u1ec7c b\u1ea1n \u0111\u00e3 \u0111\u1ecdc, hi\u1ec3u r\u00f5 v\u00e0 \u0111\u1ed3ng thu\u1eadn ho\u00e0n to\u00e0n v\u1edbi nh\u1eefng \u0111i\u1ec1u kho\u1ea3n \u0111\u01b0\u1ee3c n\u00eau trong t\u00e0i li\u1ec7u n\u00e0y.<\/p>\n<p style=\"text-align: justify;\">Asia University Vietnam c\u00f3 quy\u1ec1n \u0111i\u1ec1u ch\u1ec9nh, c\u1eadp nh\u1eadt Ch\u00ednh s\u00e1ch b\u1ea3o m\u1eadt \u0111\u1ec3 ph\u00f9 h\u1ee3p v\u1edbi th\u1ef1c ti\u1ec5n ho\u1ea1t \u0111\u1ed9ng v\u00e0 quy \u0111\u1ecbnh ph\u00e1p lu\u1eadt. M\u1ecdi thay \u0111\u1ed5i s\u1ebd \u0111\u01b0\u1ee3c c\u00f4ng b\u1ed1 tr\u00ean website ch\u00ednh th\u1ee9c v\u00e0 c\u00f3 hi\u1ec7u l\u1ef1c ngay t\u1ea1i th\u1eddi \u0111i\u1ec3m \u0111\u0103ng t\u1ea3i. Vi\u1ec7c b\u1ea1n ti\u1ebfp t\u1ee5c s\u1eed d\u1ee5ng d\u1ecbch v\u1ee5 sau khi c\u00f3 thay \u0111\u1ed5i \u0111\u1ed3ng ngh\u0129a v\u1edbi vi\u1ec7c b\u1ea1n ch\u1ea5p thu\u1eadn v\u1edbi phi\u00ean b\u1ea3n m\u1edbi nh\u1ea5t c\u1ee7a ch\u00ednh s\u00e1ch.<\/p>\n<h2 style=\"text-align: justify;\">1. Ch\u00fang t\u00f4i thu th\u1eadp th\u00f4ng tin g\u00ec v\u00e0 v\u00ec sao?<\/h2>\n<p style=\"text-align: justify;\">\u0110\u1ec3 mang \u0111\u1ebfn tr\u1ea3i nghi\u1ec7m d\u1ecbch v\u1ee5 tr\u1ecdn v\u1eb9n v\u00e0 t\u1ed1i \u01b0u, ch\u00fang t\u00f4i c\u00f3 th\u1ec3 y\u00eau c\u1ea7u b\u1ea1n cung c\u1ea5p m\u1ed9t s\u1ed1 th\u00f4ng tin c\u00e1 nh\u00e2n c\u1ea7n thi\u1ebft.<\/p>\n<p style=\"text-align: justify;\">C\u00e1c th\u00f4ng tin ch\u00fang t\u00f4i thu th\u1eadp bao g\u1ed3m:<\/p>\n<ul>\n<li style=\"text-align: justify;\">H\u1ecd v\u00e0 t\u00ean<\/li>\n<li style=\"text-align: justify;\">S\u1ed1 \u0111i\u1ec7n tho\u1ea1i<\/li>\n<li style=\"text-align: justify;\">\u0110\u1ecba ch\u1ec9 email<\/li>\n<li style=\"text-align: justify;\">T\u00ean tr\u01b0\u1eddng Trung h\u1ecdc Ph\u1ed5 th\u00f4ng (THPT)<\/li>\n<li style=\"text-align: justify;\">T\u1ec9nh\/Th\u00e0nh ph\u1ed1 theo h\u1ecdc<\/li>\n<\/ul>\n<p style=\"text-align: justify;\">M\u1ee5c \u0111\u00edch c\u1ee7a vi\u1ec7c thu th\u1eadp n\u00e0y nh\u1eb1m:<\/p>\n<ul>\n<li style=\"text-align: justify;\">X\u00e1c th\u1ef1c danh t\u00ednh: \u0110\u1ea3m b\u1ea3o an to\u00e0n v\u00e0 \u0111\u1ecbnh danh ch\u00ednh x\u00e1c t\u00e0i kho\u1ea3n c\u1ee7a b\u1ea1n.<\/li>\n<li style=\"text-align: justify;\">N\u00e2ng cao ch\u1ea5t l\u01b0\u1ee3ng d\u1ecbch v\u1ee5: T\u1ed1i \u01b0u h\u00f3a c\u00e1c t\u00ednh n\u0103ng, tri\u1ec3n khai ho\u1ea1t \u0111\u1ed9ng ch\u0103m s\u00f3c kh\u00e1ch h\u00e0ng v\u00e0 ph\u1ee5c v\u1ee5 c\u00f4ng t\u00e1c nghi\u00ean c\u1ee9u, c\u1ea3i ti\u1ebfn.<\/li>\n<li style=\"text-align: justify;\">H\u1ed7 tr\u1ee3 k\u1ecbp th\u1eddi: Cung c\u1ea5p th\u00f4ng tin, s\u1ea3n ph\u1ea9m, d\u1ecbch v\u1ee5 v\u00e0 gi\u1ea3i \u0111\u00e1p c\u00e1c y\u00eau c\u1ea7u t\u1eeb ph\u00eda b\u1ea1n m\u1ed9t c\u00e1ch nhanh ch\u00f3ng.<\/li>\n<li style=\"text-align: justify;\">Gi\u1ea3i quy\u1ebft v\u1ea5n \u0111\u1ec1: X\u1eed l\u00fd c\u00e1c tranh ch\u1ea5p ho\u1eb7c s\u1ef1 c\u1ed1 ph\u00e1t sinh trong qu\u00e1 tr\u00ecnh b\u1ea1n t\u01b0\u01a1ng t\u00e1c v\u1edbi n\u1ec1n t\u1ea3ng c\u1ee7a ch\u00fang t\u00f4i.<\/li>\n<li style=\"text-align: justify;\">Ng\u0103n ch\u1eb7n r\u1ee7i ro: Ph\u00e1t hi\u1ec7n v\u00e0 ph\u00f2ng ng\u1eeba c\u00e1c h\u00e0nh vi vi ph\u1ea1m ph\u00e1p lu\u1eadt ho\u1eb7c quy \u0111\u1ecbnh s\u1eed d\u1ee5ng c\u1ee7a nh\u00e0 tr\u01b0\u1eddng.<\/li>\n<li style=\"text-align: justify;\">Tu\u00e2n th\u1ee7 ph\u00e1p lu\u1eadt: Th\u1ef1c hi\u1ec7n c\u00e1c ngh\u0129a v\u1ee5 kh\u00e1c theo quy \u0111\u1ecbnh c\u1ee7a ph\u00e1p lu\u1eadt hi\u1ec7n h\u00e0nh.<\/li>\n<\/ul>\n<p style=\"text-align: justify;\">B\u1ea1n ho\u00e0n to\u00e0n c\u00f3 th\u1ec3 truy c\u1eadp website c\u1ee7a ch\u00fang t\u00f4i m\u1ed9t c\u00e1ch \u1ea9n danh. Sau khi \u0111\u0103ng k\u00fd t\u00e0i kho\u1ea3n, b\u1ea1n c\u00f3 quy\u1ec1n t\u1ef1 \u0111i\u1ec1u ch\u1ec9nh th\u00f4ng tin c\u00e1 nh\u00e2n nh\u01b0 h\u1ecd t\u00ean. \u0110\u1ed1i v\u1edbi c\u00e1c thay \u0111\u1ed5i quan tr\u1ecdng nh\u01b0 email ho\u1eb7c s\u1ed1 \u0111i\u1ec7n tho\u1ea1i, b\u1ea1n c\u1ea7n g\u1eedi y\u00eau c\u1ea7u \u0111\u1ec3 ch\u00fang t\u00f4i ti\u1ebfn h\u00e0nh x\u00e1c th\u1ef1c v\u00e0 c\u1eadp nh\u1eadt.<\/p>\n<h2 style=\"text-align: justify;\">2. C\u00e1ch th\u1ee9c ch\u00fang t\u00f4i thu th\u1eadp th\u00f4ng tin c\u1ee7a b\u1ea1n<\/h2>\n<p style=\"text-align: justify;\">Th\u00f4ng tin c\u1ee7a b\u1ea1n \u0111\u01b0\u1ee3c thu th\u1eadp m\u1ed9t c\u00e1ch minh b\u1ea1ch khi b\u1ea1n ch\u1ee7 \u0111\u1ed9ng t\u01b0\u01a1ng t\u00e1c v\u1edbi Asia University Vietnam qua c\u00e1c k\u00eanh sau:<\/p>\n<ul>\n<li style=\"text-align: justify;\">Khi b\u1ea1n \u0111\u0103ng k\u00fd t\u00e0i kho\u1ea3n v\u00e0 s\u1eed d\u1ee5ng c\u00e1c d\u1ecbch v\u1ee5 do ch\u00fang t\u00f4i cung c\u1ea5p.<\/li>\n<li style=\"text-align: justify;\">Khi b\u1ea1n \u0111i\u1ec1n v\u00e0 g\u1eedi b\u1ea5t k\u1ef3 bi\u1ec3u m\u1eabu n\u00e0o (tr\u1ef1c tuy\u1ebfn ho\u1eb7c v\u0103n b\u1ea3n gi\u1ea5y) li\u00ean quan \u0111\u1ebfn s\u1ea3n ph\u1ea9m, d\u1ecbch v\u1ee5 c\u1ee7a ch\u00fang t\u00f4i.<\/li>\n<li style=\"text-align: justify;\">Khi b\u1ea1n k\u00fd k\u1ebft c\u00e1c th\u1ecfa thu\u1eadn ho\u1eb7c cung c\u1ea5p t\u00e0i li\u1ec7u trong qu\u00e1 tr\u00ecnh l\u00e0m vi\u1ec7c v\u1edbi nh\u00e0 tr\u01b0\u1eddng.<\/li>\n<li style=\"text-align: justify;\">Khi b\u1ea1n li\u00ean h\u1ec7 v\u1edbi ch\u00fang t\u00f4i qua c\u00e1c k\u00eanh nh\u01b0 \u0111i\u1ec7n tho\u1ea1i (cu\u1ed9c g\u1ecdi c\u00f3 th\u1ec3 \u0111\u01b0\u1ee3c ghi \u00e2m), email, th\u01b0 t\u00edn, m\u1ea1ng x\u00e3 h\u1ed9i ho\u1eb7c trao \u0111\u1ed5i tr\u1ef1c ti\u1ebfp.<\/li>\n<li style=\"text-align: justify;\">Khi b\u1ea1n t\u01b0\u01a1ng t\u00e1c v\u1edbi c\u00e1c n\u1ec1n t\u1ea3ng k\u1ef9 thu\u1eadt s\u1ed1 c\u1ee7a ch\u00fang t\u00f4i, bao g\u1ed3m vi\u1ec7c s\u1eed d\u1ee5ng cookies khi truy c\u1eadp website.<\/li>\n<li style=\"text-align: justify;\">Khi b\u1ea1n th\u1ef1c hi\u1ec7n c\u00e1c giao d\u1ecbch tr\u00ean h\u1ec7 th\u1ed1ng c\u1ee7a ch\u00fang t\u00f4i.<\/li>\n<li style=\"text-align: justify;\">Khi b\u1ea1n g\u1eedi ph\u1ea3n h\u1ed3i, khi\u1ebfu n\u1ea1i ho\u1eb7c c\u00e1c y\u00eau c\u1ea7u h\u1ed7 tr\u1ee3.<\/li>\n<\/ul>\n<h2 style=\"text-align: justify;\">3. L\u01b0u tr\u1eef v\u00e0 b\u1ea3o m\u1eadt th\u00f4ng tin<\/h2>\n<p style=\"text-align: justify;\">D\u1eef li\u1ec7u c\u00e1 nh\u00e2n c\u1ee7a b\u1ea1n \u0111\u01b0\u1ee3c l\u01b0u tr\u1eef v\u00e0 x\u1eed l\u00fd t\u1ea1i m\u00e1y ch\u1ee7 c\u1ee7a ch\u00fang t\u00f4i v\u00e0 \u0111\u01b0\u1ee3c b\u1ea3o to\u00e0n b\u1edfi m\u1ed9t h\u00e0ng r\u00e0o b\u1ea3o v\u1ec7 \u0111a l\u1edbp, k\u1ebft h\u1ee3p c\u1ea3 v\u1ec1 v\u1eadt l\u00fd v\u00e0 c\u00f4ng ngh\u1ec7:<\/p>\n<ul>\n<li style=\"text-align: justify;\">C\u00f4ng ngh\u1ec7: Ch\u00fang t\u00f4i tri\u1ec3n khai t\u01b0\u1eddng l\u1eeda (firewall), m\u00e3 h\u00f3a d\u1eef li\u1ec7u v\u00e0 c\u00e1c giao th\u1ee9c b\u1ea3o m\u1eadt ti\u00ean ti\u1ebfn.<\/li>\n<li style=\"text-align: justify;\">Ki\u1ec3m so\u00e1t truy c\u1eadp: Ch\u00fang t\u00f4i \u00e1p d\u1ee5ng c\u01a1 ch\u1ebf ki\u1ec3m so\u00e1t truy c\u1eadp v\u1eadt l\u00fd nghi\u00eam ng\u1eb7t v\u00e0 gi\u1edbi h\u1ea1n quy\u1ec1n truy c\u1eadp th\u00f4ng tin c\u00e1 nh\u00e2n ch\u1ec9 cho nh\u1eefng nh\u00e2n s\u1ef1 c\u00f3 th\u1ea9m quy\u1ec1n v\u00e0 tr\u00e1ch nhi\u1ec7m li\u00ean quan tr\u1ef1c ti\u1ebfp \u0111\u1ebfn c\u00f4ng vi\u1ec7c.<\/li>\n<li style=\"text-align: justify;\">T\u00e0i kho\u1ea3n v\u00e0 d\u1eef li\u1ec7u c\u1ee7a b\u1ea1n s\u1ebd \u0111\u01b0\u1ee3c l\u01b0u tr\u1eef tr\u00ean h\u1ec7 th\u1ed1ng c\u1ee7a ch\u00fang t\u00f4i m\u1ed9t c\u00e1ch an to\u00e0n v\u00e0 v\u00f4 th\u1eddi h\u1ea1n, nh\u1eb1m t\u1ea1o \u0111i\u1ec1u ki\u1ec7n thu\u1eadn l\u1ee3i cho b\u1ea1n trong vi\u1ec7c t\u00e1i k\u00edch ho\u1ea1t ho\u1eb7c s\u1eed d\u1ee5ng c\u00e1c d\u1ecbch v\u1ee5 trong t\u01b0\u01a1ng lai.<\/li>\n<\/ul>\n<h2 style=\"text-align: justify;\">4. Ph\u1ea1m vi chia s\u1ebb v\u00e0 ti\u1ebft l\u1ed9 th\u00f4ng tin<\/h2>\n<p style=\"text-align: justify;\">Cam k\u1ebft c\u1ed1t l\u00f5i c\u1ee7a ch\u00fang t\u00f4i l\u00e0 kh\u00f4ng b\u00e1n, trao \u0111\u1ed5i, ho\u1eb7c th\u01b0\u01a1ng m\u1ea1i h\u00f3a th\u00f4ng tin c\u00e1 nh\u00e2n c\u1ee7a b\u1ea1n cho b\u1ea5t k\u1ef3 b\u00ean th\u1ee9 ba n\u00e0o.<\/p>\n<p style=\"text-align: justify;\">Tuy nhi\u00ean, trong m\u1ed9t s\u1ed1 tr\u01b0\u1eddng h\u1ee3p \u0111\u1eb7c bi\u1ec7t, th\u00f4ng tin c\u1ee7a b\u1ea1n c\u00f3 th\u1ec3 \u0111\u01b0\u1ee3c chia s\u1ebb ho\u1eb7c ti\u1ebft l\u1ed9 cho c\u00e1c c\u00e1 nh\u00e2n, t\u1ed5 ch\u1ee9c kh\u00e1c, bao g\u1ed3m:<\/p>\n<ul>\n<li style=\"text-align: justify;\">Khi th\u00f4ng tin \u0111\u00f3 \u0111\u00e3 \u0111\u01b0\u1ee3c b\u1ea1n ch\u1ee7 \u0111\u1ed9ng c\u00f4ng khai.<\/li>\n<li style=\"text-align: justify;\">Khi c\u00f3 s\u1ef1 \u0111\u1ed3ng \u00fd r\u00f5 r\u00e0ng t\u1eeb b\u1ea1n cho vi\u1ec7c ti\u1ebft l\u1ed9 th\u00f4ng tin.<\/li>\n<li style=\"text-align: justify;\">Theo y\u00eau c\u1ea7u t\u1eeb b\u00ean th\u1ee9 ba \u0111\u01b0\u1ee3c b\u1ea1n \u1ee7y quy\u1ec1n h\u1ee3p ph\u00e1p (y\u00eau c\u1ea7u \u1ee7y quy\u1ec1n ph\u1ea3i \u0111\u01b0\u1ee3c l\u1eadp th\u00e0nh v\u0103n b\u1ea3n c\u00f3 c\u00f4ng ch\u1ee9ng).<\/li>\n<li style=\"text-align: justify;\">Khi c\u00f3 y\u00eau c\u1ea7u ph\u00e1p l\u00fd t\u1eeb c\u01a1 quan nh\u00e0 n\u01b0\u1edbc c\u00f3 th\u1ea9m quy\u1ec1n ho\u1eb7c khi ch\u00fang t\u00f4i tin r\u1eb1ng h\u00e0nh \u0111\u1ed9ng n\u00e0y l\u00e0 c\u1ea7n thi\u1ebft \u0111\u1ec3 tu\u00e2n th\u1ee7 lu\u1eadt ph\u00e1p.<\/li>\n<li style=\"text-align: justify;\">\u0110\u1ec3 b\u1ea3o v\u1ec7 quy\u1ec1n l\u1ee3i, t\u00e0i s\u1ea3n v\u00e0 s\u1ef1 an to\u00e0n c\u1ee7a ng\u01b0\u1eddi kh\u00e1c tr\u00ean c\u01a1 s\u1edf c\u00e2n b\u1eb1ng l\u1ee3i \u00edch c\u00e1c b\u00ean.<\/li>\n<li style=\"text-align: justify;\">Cho c\u00e1c \u0111\u1ed1i t\u00e1c li\u00ean doanh, li\u00ean k\u1ebft nh\u1eb1m cung c\u1ea5p c\u00e1c d\u1ecbch v\u1ee5 t\u00edch h\u1ee3p ho\u1eb7c ph\u00e1t tri\u1ec3n c\u00e1c s\u1ea3n ph\u1ea9m m\u1edbi li\u00ean quan m\u00e0 b\u1ea1n \u0111ang s\u1eed d\u1ee5ng.<\/li>\n<\/ul>\n<p style=\"text-align: justify;\">Trong tr\u01b0\u1eddng h\u1ee3p s\u00e1p nh\u1eadp ho\u1eb7c mua l\u1ea1i doanh nghi\u1ec7p, ch\u00fang t\u00f4i s\u1ebd th\u00f4ng b\u00e1o tr\u01b0\u1edbc cho b\u1ea1n qua email ho\u1eb7c th\u00f4ng b\u00e1o n\u1ed5i b\u1eadt tr\u00ean website tr\u01b0\u1edbc khi th\u00f4ng tin c\u1ee7a b\u1ea1n \u0111\u01b0\u1ee3c chuy\u1ec3n giao v\u00e0 ch\u1ecbu s\u1ef1 \u0111i\u1ec1u ch\u1ec9nh c\u1ee7a m\u1ed9t ch\u00ednh s\u00e1ch b\u1ea3o m\u1eadt kh\u00e1c.<\/p>\n<h2 style=\"text-align: justify;\">5. Quy\u1ec1n c\u1ee7a b\u1ea1n \u0111\u1ed1i v\u1edbi d\u1eef li\u1ec7u c\u00e1 nh\u00e2n<\/h2>\n<p style=\"text-align: justify;\">B\u1ea1n l\u00e0 ng\u01b0\u1eddi s\u1edf h\u1eefu v\u00e0 ki\u1ec3m so\u00e1t th\u00f4ng tin c\u00e1 nh\u00e2n c\u1ee7a m\u00ecnh. Ch\u00fang t\u00f4i cung c\u1ea5p c\u00e1c c\u00f4ng c\u1ee5 v\u00e0 ph\u01b0\u01a1ng th\u1ee9c \u0111\u1ec3 b\u1ea1n th\u1ef1c thi quy\u1ec1n n\u00e0y.<\/p>\n<ul>\n<li style=\"text-align: justify;\">Quy\u1ec1n truy c\u1eadp v\u00e0 ch\u1ec9nh s\u1eeda: B\u1ea1n c\u00f3 th\u1ec3 \u0111\u0103ng nh\u1eadp v\u00e0o t\u00e0i kho\u1ea3n c\u1ee7a m\u00ecnh b\u1ea5t c\u1ee9 l\u00fac n\u00e0o \u0111\u1ec3 xem x\u00e9t v\u00e0 ch\u1ec9nh s\u1eeda th\u00f4ng tin.<\/li>\n<li style=\"text-align: justify;\">Quy\u1ec1n y\u00eau c\u1ea7u h\u1ed7 tr\u1ee3: B\u1ea1n c\u00f3 quy\u1ec1n y\u00eau c\u1ea7u ch\u00fang t\u00f4i ki\u1ec3m tra, c\u1eadp nh\u1eadt, \u0111i\u1ec1u ch\u1ec9nh ho\u1eb7c h\u1ee7y b\u1ecf th\u00f4ng tin c\u00e1 nh\u00e2n \u0111\u00e3 \u0111\u0103ng k\u00fd.<\/li>\n<li style=\"text-align: justify;\">Quy\u1ec1n y\u00eau c\u1ea7u x\u00f3a d\u1eef li\u1ec7u: B\u1ea1n c\u00f3 th\u1ec3 y\u00eau c\u1ea7u ch\u00fang t\u00f4i x\u00f3a b\u1ecf ho\u1eb7c ng\u1eebng s\u1eed d\u1ee5ng d\u1eef li\u1ec7u c\u00e1 nh\u00e2n c\u1ee7a b\u1ea1n b\u1eb1ng c\u00e1ch li\u00ean h\u1ec7 qua c\u00e1c k\u00eanh ch\u00ednh th\u1ee9c.<\/li>\n<\/ul>\n<p style=\"text-align: justify;\">\u0110\u1ec3 \u0111\u1ea3m b\u1ea3o an to\u00e0n, b\u1ea1n c\u00f3 tr\u00e1ch nhi\u1ec7m b\u1ea3o m\u1eadt th\u00f4ng tin \u0111\u0103ng nh\u1eadp (m\u1eadt kh\u1ea9u, m\u00e3 x\u00e1c th\u1ef1c) v\u00e0 c\u00e1c thi\u1ebft b\u1ecb c\u00e1 nh\u00e2n. Vui l\u00f2ng th\u00f4ng b\u00e1o ngay cho ch\u00fang t\u00f4i n\u1ebfu ph\u00e1t hi\u1ec7n b\u1ea5t k\u1ef3 d\u1ea5u hi\u1ec7u truy c\u1eadp tr\u00e1i ph\u00e9p n\u00e0o v\u00e0o t\u00e0i kho\u1ea3n c\u1ee7a b\u1ea1n.<\/p>\n<h2 style=\"text-align: justify;\">6. Vi\u1ec7c s\u1eed d\u1ee5ng Cookies<\/h2>\n<p style=\"text-align: justify;\">Cookies l\u00e0 c\u00e1c t\u1ec7p d\u1eef li\u1ec7u nh\u1ecf \u0111\u01b0\u1ee3c g\u1eedi \u0111\u1ebfn tr\u00ecnh duy\u1ec7t c\u1ee7a b\u1ea1n \u0111\u1ec3 gi\u00fap website nh\u1eadn di\u1ec7n v\u00e0 ghi nh\u1edb c\u00e1c t\u00f9y ch\u1ecdn c\u1ee7a b\u1ea1n. Ch\u00fang t\u00f4i s\u1eed d\u1ee5ng cookies \u0111\u1ec3 hi\u1ec3u r\u00f5 h\u01a1n v\u1ec1 nhu c\u1ea7u c\u1ee7a b\u1ea1n, t\u1eeb \u0111\u00f3 c\u00e1 nh\u00e2n h\u00f3a v\u00e0 c\u1ea3i thi\u1ec7n tr\u1ea3i nghi\u1ec7m trong nh\u1eefng l\u1ea7n truy c\u1eadp sau. Vi\u1ec7c t\u1eeb ch\u1ed1i cookies c\u00f3 th\u1ec3 l\u00e0m h\u1ea1n ch\u1ebf m\u1ed9t s\u1ed1 t\u00ednh n\u0103ng v\u00e0 d\u1ecbch v\u1ee5 tr\u00ean n\u1ec1n t\u1ea3ng c\u1ee7a ch\u00fang t\u00f4i.<\/p>\n<h2 style=\"text-align: justify;\">7. Li\u00ean h\u1ec7 v\u00e0 gi\u1ea3i quy\u1ebft Khi\u1ebfu n\u1ea1i<\/h2>\n<p style=\"text-align: justify;\">M\u1ecdi th\u1eafc m\u1eafc, g\u00f3p \u00fd ho\u1eb7c khi\u1ebfu n\u1ea1i li\u00ean quan \u0111\u1ebfn Ch\u00ednh s\u00e1ch B\u1ea3o m\u1eadt, vui l\u00f2ng li\u00ean h\u1ec7 v\u1edbi ch\u00fang t\u00f4i qua:<\/p>\n<ul>\n<li style=\"text-align: justify;\">\u0110\u01a1n v\u1ecb thu th\u1eadp v\u00e0 qu\u1ea3n l\u00fd Th\u00f4ng tin: Asia University Vietnam<\/li>\n<li style=\"text-align: justify;\">Hotline Ch\u0103m s\u00f3c Kh\u00e1ch h\u00e0ng: 0775 127 333<\/li>\n<li style=\"text-align: justify;\">Email H\u1ed7 tr\u1ee3: asiaunivietnam@fpt.edu.vn<\/li>\n<li style=\"text-align: justify;\">Website: https:\/\/asia-vn.edu.vn\/<\/li>\n<\/ul>\n<p style=\"text-align: justify;\">V\u0103n ph\u00f2ng tr\u1ef1c ti\u1ebfp:<\/p>\n<ul>\n<li style=\"text-align: justify;\">C\u01a1 s\u1edf H\u00e0 N\u1ed9i: S\u1ed1 8 T\u00f4n Th\u1ea5t Thuy\u1ebft, Ph\u01b0\u1eddng M\u1ef9 \u0110\u00ecnh 2, Qu\u1eadn Nam T\u1eeb Li\u00eam, TP. H\u00e0 N\u1ed9i.<\/li>\n<li style=\"text-align: justify;\">C\u01a1 s\u1edf TP. H\u1ed3 Ch\u00ed Minh: 34 B\u1ea1ch \u0110\u1eb1ng, Ph\u01b0\u1eddng 2, Qu\u1eadn T\u00e2n B\u00ecnh, TP. H\u1ed3 Ch\u00ed Minh.<\/li>\n<\/ul>\n<p style=\"text-align: justify;\">Ch\u00fang t\u00f4i s\u1ebd ti\u1ebfp nh\u1eadn v\u00e0 x\u1eed l\u00fd m\u1ecdi y\u00eau c\u1ea7u c\u1ee7a b\u1ea1n trong th\u1eddi gian s\u1edbm nh\u1ea5t tr\u00ean tinh th\u1ea7n h\u1ee3p t\u00e1c, t\u00f4n tr\u1ecdng v\u00e0 h\u00f2a gi\u1ea3i.<\/p>\n\t\t\t\t\t\t<\/div>\n\n\t\t\t\t\t\t\n<style>\n#section_2122258598 {\n  padding: 15px 15px 10px 15px;\n  background-color: rgb(255,255,255);\n}\n@media (min-width:550px) {\n  #section_2122258598 {\n    padding: 30px 30px 20px 30px;\n  }\n}\n<\/style>\n\t\t\t\t\t<\/div>\n\t\t\t\t\t\n\t\t<\/div>\n\t\t\t\t\n<style>\n#col-1614801536 > .col-inner {\n  padding: 0px 15px 0px 15px;\n  margin: 40px 0px 40px 0px;\n}\n@media (min-width:550px) {\n  #col-1614801536 > .col-inner {\n    padding: 0px 0px 0px 0px;\n  }\n}\n@media (min-width:1025px) {\n  #col-1614801536 > .col-inner {\n    margin: 50px 0px 50px 0px;\n  }\n}\n<\/style>\n\t<\/div>\n\n\t\n<\/div>\n\t\t<\/div>\n\n\t\t\n<style>\n#section_1128225638 {\n  padding-top: 0px;\n  padding-bottom: 0px;\n  background-color: rgb(246, 246, 246);\n}\n<\/style>\n\t<\/section>\n\t\n","protected":false},"excerpt":{"rendered":"","protected":false},"author":2,"featured_media":0,"parent":0,"menu_order":0,"comment_status":"closed","ping_status":"closed","template":"page-blank.php","meta":{"footnotes":""},"class_list":["post-35978","page","type-page","status-publish","hentry"],"_links":{"self":[{"href":"https:\/\/asia-vn.edu.vn\/en\/wp-json\/wp\/v2\/pages\/35978","targetHints":{"allow":["GET"]}}],"collection":[{"href":"https:\/\/asia-vn.edu.vn\/en\/wp-json\/wp\/v2\/pages"}],"about":[{"href":"https:\/\/asia-vn.edu.vn\/en\/wp-json\/wp\/v2\/types\/page"}],"author":[{"embeddable":true,"href":"https:\/\/asia-vn.edu.vn\/en\/wp-json\/wp\/v2\/users\/2"}],"replies":[{"embeddable":true,"href":"https:\/\/asia-vn.edu.vn\/en\/wp-json\/wp\/v2\/comments?post=35978"}],"version-history":[{"count":0,"href":"https:\/\/asia-vn.edu.vn\/en\/wp-json\/wp\/v2\/pages\/35978\/revisions"}],"wp:attachment":[{"href":"https:\/\/asia-vn.edu.vn\/en\/wp-json\/wp\/v2\/media?parent=35978"}],"curies":[{"name":"wp","href":"https:\/\/api.w.org\/{rel}","templated":true}]}}